{"id":174,"date":"2019-06-14T22:56:05","date_gmt":"2019-06-14T21:56:05","guid":{"rendered":"https:\/\/arrepiadovelho.pt\/pt\/?post_type=product&#038;p=174"},"modified":"2019-06-23T23:33:23","modified_gmt":"2019-06-23T22:33:23","slug":"petit-verdot-unoaked","status":"publish","type":"product","link":"https:\/\/arrepiadovelho.pt\/pt\/produto\/petit-verdot-unoaked\/","title":{"rendered":"Petit Verdot Unoaked"},"content":{"rendered":"<div class=\"row\"  id=\"row-642439858\">\n\n\t<div id=\"col-647366943\" class=\"col medium-6 small-12 large-6\"  >\n\t\t\t\t<div class=\"col-inner\"  >\n\t\t\t\n\t\t\t\n<h3>Vinifica\u00e7\u00e3o<\/h3>\n<p>Vindima manual selectiva em caixas de 20 Kg. Selec\u00e7\u00e3o em mesa de escolha. Enchimento da cuba por gravidade. Fermenta\u00e7\u00f5es alco\u00f3lica e malol\u00e1tica espont\u00e2neas.<\/p>\n<h3>Castas<\/h3>\n<p>100% Petit Verdot<\/p>\n<h3>Est\u00e1gio<\/h3>\n<p>Cubas de a\u00e7o inox com fermenta\u00e7\u00e3o a temperaturas controladas<\/p>\n<h3>\u00c1lcool<\/h3>\n<p>15% vol<\/p>\n\t\t<\/div>\n\t\t\t\t\t<\/div>\n\n\t\n\n\t<div id=\"col-1196219889\" class=\"col medium-6 small-12 large-6\"  >\n\t\t\t\t<div class=\"col-inner\"  >\n\t\t\t\n\t\t\t\n<h3>Harmoniza\u00e7\u00e3o<\/h3>\n<p>\nCombina com pratos grelhados, carnes vermelhas, bifes ou cordeiro e \u00e9 excelente com queijos, mesmo os mais fortes<\/p>\n<h3>Nota de prova<\/h3>\n<p>\nCor violeta escuro muito concentrado. Nariz intenso com notas de frutos negros frescos e alguma tinta. A express\u00e3o aut\u00eantica da casta, na sua rusticidade e complexidade.\n<\/p>\n\t\t<\/div>\n\t\t\t\t\t<\/div>\n\n\t\n<\/div>\n","protected":false},"excerpt":{"rendered":"<p>100% Petit Verdot<\/p>\n","protected":false},"featured_media":195,"template":"","meta":[],"product_cat":[18],"product_tag":[],"yoast_head":"<!-- This site is optimized with the Yoast SEO plugin v21.7 - https:\/\/yoast.com\/wordpress\/plugins\/seo\/ -->\n<title>Petit Verdot Unoaked - Herdade do Arrepiado Velho<\/title>\n<meta name=\"robots\" content=\"index, follow, max-snippet:-1, max-image-preview:large, max-video-preview:-1\" \/>\n<link rel=\"canonical\" href=\"https:\/\/arrepiadovelho.pt\/pt\/produto\/petit-verdot-unoaked\/\" \/>\n<meta property=\"og:locale\" content=\"pt_PT\" \/>\n<meta property=\"og:type\" content=\"article\" \/>\n<meta property=\"og:title\" content=\"Petit Verdot Unoaked - Herdade do Arrepiado Velho\" \/>\n<meta property=\"og:description\" content=\"100% Petit Verdot\" \/>\n<meta property=\"og:url\" content=\"https:\/\/arrepiadovelho.pt\/pt\/produto\/petit-verdot-unoaked\/\" \/>\n<meta property=\"og:site_name\" content=\"Herdade do Arrepiado Velho\" \/>\n<meta property=\"article:publisher\" content=\"https:\/\/www.facebook.com\/arrepiadovelho\/\" \/>\n<meta property=\"article:modified_time\" content=\"2019-06-23T22:33:23+00:00\" \/>\n<meta property=\"og:image\" content=\"https:\/\/arrepiadovelho.pt\/pt\/wp-content\/uploads\/2019\/06\/hav_petit_1200.jpg\" \/>\n\t<meta property=\"og:image:width\" content=\"1200\" \/>\n\t<meta property=\"og:image:height\" content=\"1200\" \/>\n\t<meta property=\"og:image:type\" content=\"image\/jpeg\" \/>\n<meta name=\"twitter:card\" content=\"summary_large_image\" \/>\n<meta name=\"twitter:label1\" content=\"Tempo estimado de leitura\" \/>\n\t<meta name=\"twitter:data1\" content=\"1 minuto\" \/>\n<script type=\"application\/ld+json\" class=\"yoast-schema-graph\">{\"@context\":\"https:\/\/schema.org\",\"@graph\":[{\"@type\":\"WebPage\",\"@id\":\"https:\/\/arrepiadovelho.pt\/pt\/produto\/petit-verdot-unoaked\/\",\"url\":\"https:\/\/arrepiadovelho.pt\/pt\/produto\/petit-verdot-unoaked\/\",\"name\":\"Petit Verdot Unoaked - Herdade do Arrepiado Velho\",\"isPartOf\":{\"@id\":\"https:\/\/arrepiadovelho.pt\/pt\/#website\"},\"datePublished\":\"2019-06-14T21:56:05+00:00\",\"dateModified\":\"2019-06-23T22:33:23+00:00\",\"breadcrumb\":{\"@id\":\"https:\/\/arrepiadovelho.pt\/pt\/produto\/petit-verdot-unoaked\/#breadcrumb\"},\"inLanguage\":\"pt-PT\",\"potentialAction\":[{\"@type\":\"ReadAction\",\"target\":[\"https:\/\/arrepiadovelho.pt\/pt\/produto\/petit-verdot-unoaked\/\"]}]},{\"@type\":\"BreadcrumbList\",\"@id\":\"https:\/\/arrepiadovelho.pt\/pt\/produto\/petit-verdot-unoaked\/#breadcrumb\",\"itemListElement\":[{\"@type\":\"ListItem\",\"position\":1,\"name\":\"In\u00edcio\",\"item\":\"https:\/\/arrepiadovelho.pt\/pt\/\"},{\"@type\":\"ListItem\",\"position\":2,\"name\":\"Vinhos\",\"item\":\"https:\/\/arrepiadovelho.pt\/pt\/vinhos\/\"},{\"@type\":\"ListItem\",\"position\":3,\"name\":\"Petit Verdot Unoaked\"}]},{\"@type\":\"WebSite\",\"@id\":\"https:\/\/arrepiadovelho.pt\/pt\/#website\",\"url\":\"https:\/\/arrepiadovelho.pt\/pt\/\",\"name\":\"Herdade do Arrepiado Velho [PT]\",\"description\":\"No Alentejo, encontramos um para\u00edso onde com toda a dedica\u00e7\u00e3o nascem vinhos \u00fanicos.\",\"publisher\":{\"@id\":\"https:\/\/arrepiadovelho.pt\/pt\/#organization\"},\"potentialAction\":[{\"@type\":\"SearchAction\",\"target\":{\"@type\":\"EntryPoint\",\"urlTemplate\":\"https:\/\/arrepiadovelho.pt\/pt\/?s={search_term_string}\"},\"query-input\":\"required name=search_term_string\"}],\"inLanguage\":\"pt-PT\"},{\"@type\":\"Organization\",\"@id\":\"https:\/\/arrepiadovelho.pt\/pt\/#organization\",\"name\":\"Herdade do Arrepiado Velho [PT]\",\"url\":\"https:\/\/arrepiadovelho.pt\/pt\/\",\"logo\":{\"@type\":\"ImageObject\",\"inLanguage\":\"pt-PT\",\"@id\":\"https:\/\/arrepiadovelho.pt\/pt\/#\/schema\/logo\/image\/\",\"url\":\"https:\/\/arrepiadovelho.pt\/pt\/wp-content\/uploads\/2019\/06\/logo_sticky.jpg\",\"contentUrl\":\"https:\/\/arrepiadovelho.pt\/pt\/wp-content\/uploads\/2019\/06\/logo_sticky.jpg\",\"width\":350,\"height\":350,\"caption\":\"Herdade do Arrepiado Velho [PT]\"},\"image\":{\"@id\":\"https:\/\/arrepiadovelho.pt\/pt\/#\/schema\/logo\/image\/\"},\"sameAs\":[\"https:\/\/www.facebook.com\/arrepiadovelho\/\"]}]}<\/script>\n<!-- \/ Yoast SEO plugin. -->","yoast_head_json":{"title":"Petit Verdot Unoaked - Herdade do Arrepiado Velho","robots":{"index":"index","follow":"follow","max-snippet":"max-snippet:-1","max-image-preview":"max-image-preview:large","max-video-preview":"max-video-preview:-1"},"canonical":"https:\/\/arrepiadovelho.pt\/pt\/produto\/petit-verdot-unoaked\/","og_locale":"pt_PT","og_type":"article","og_title":"Petit Verdot Unoaked - Herdade do Arrepiado Velho","og_description":"100% Petit Verdot","og_url":"https:\/\/arrepiadovelho.pt\/pt\/produto\/petit-verdot-unoaked\/","og_site_name":"Herdade do Arrepiado Velho","article_publisher":"https:\/\/www.facebook.com\/arrepiadovelho\/","article_modified_time":"2019-06-23T22:33:23+00:00","og_image":[{"width":1200,"height":1200,"url":"https:\/\/arrepiadovelho.pt\/pt\/wp-content\/uploads\/2019\/06\/hav_petit_1200.jpg","type":"image\/jpeg"}],"twitter_card":"summary_large_image","twitter_misc":{"Tempo estimado de leitura":"1 minuto"},"schema":{"@context":"https:\/\/schema.org","@graph":[{"@type":"WebPage","@id":"https:\/\/arrepiadovelho.pt\/pt\/produto\/petit-verdot-unoaked\/","url":"https:\/\/arrepiadovelho.pt\/pt\/produto\/petit-verdot-unoaked\/","name":"Petit Verdot Unoaked - Herdade do Arrepiado Velho","isPartOf":{"@id":"https:\/\/arrepiadovelho.pt\/pt\/#website"},"datePublished":"2019-06-14T21:56:05+00:00","dateModified":"2019-06-23T22:33:23+00:00","breadcrumb":{"@id":"https:\/\/arrepiadovelho.pt\/pt\/produto\/petit-verdot-unoaked\/#breadcrumb"},"inLanguage":"pt-PT","potentialAction":[{"@type":"ReadAction","target":["https:\/\/arrepiadovelho.pt\/pt\/produto\/petit-verdot-unoaked\/"]}]},{"@type":"BreadcrumbList","@id":"https:\/\/arrepiadovelho.pt\/pt\/produto\/petit-verdot-unoaked\/#breadcrumb","itemListElement":[{"@type":"ListItem","position":1,"name":"In\u00edcio","item":"https:\/\/arrepiadovelho.pt\/pt\/"},{"@type":"ListItem","position":2,"name":"Vinhos","item":"https:\/\/arrepiadovelho.pt\/pt\/vinhos\/"},{"@type":"ListItem","position":3,"name":"Petit Verdot Unoaked"}]},{"@type":"WebSite","@id":"https:\/\/arrepiadovelho.pt\/pt\/#website","url":"https:\/\/arrepiadovelho.pt\/pt\/","name":"Herdade do Arrepiado Velho [PT]","description":"No Alentejo, encontramos um para\u00edso onde com toda a dedica\u00e7\u00e3o nascem vinhos \u00fanicos.","publisher":{"@id":"https:\/\/arrepiadovelho.pt\/pt\/#organization"},"potentialAction":[{"@type":"SearchAction","target":{"@type":"EntryPoint","urlTemplate":"https:\/\/arrepiadovelho.pt\/pt\/?s={search_term_string}"},"query-input":"required name=search_term_string"}],"inLanguage":"pt-PT"},{"@type":"Organization","@id":"https:\/\/arrepiadovelho.pt\/pt\/#organization","name":"Herdade do Arrepiado Velho [PT]","url":"https:\/\/arrepiadovelho.pt\/pt\/","logo":{"@type":"ImageObject","inLanguage":"pt-PT","@id":"https:\/\/arrepiadovelho.pt\/pt\/#\/schema\/logo\/image\/","url":"https:\/\/arrepiadovelho.pt\/pt\/wp-content\/uploads\/2019\/06\/logo_sticky.jpg","contentUrl":"https:\/\/arrepiadovelho.pt\/pt\/wp-content\/uploads\/2019\/06\/logo_sticky.jpg","width":350,"height":350,"caption":"Herdade do Arrepiado Velho [PT]"},"image":{"@id":"https:\/\/arrepiadovelho.pt\/pt\/#\/schema\/logo\/image\/"},"sameAs":["https:\/\/www.facebook.com\/arrepiadovelho\/"]}]}},"_links":{"self":[{"href":"https:\/\/arrepiadovelho.pt\/pt\/wp-json\/wp\/v2\/product\/174"}],"collection":[{"href":"https:\/\/arrepiadovelho.pt\/pt\/wp-json\/wp\/v2\/product"}],"about":[{"href":"https:\/\/arrepiadovelho.pt\/pt\/wp-json\/wp\/v2\/types\/product"}],"wp:featuredmedia":[{"embeddable":true,"href":"https:\/\/arrepiadovelho.pt\/pt\/wp-json\/wp\/v2\/media\/195"}],"wp:attachment":[{"href":"https:\/\/arrepiadovelho.pt\/pt\/wp-json\/wp\/v2\/media?parent=174"}],"wp:term":[{"taxonomy":"product_cat","embeddable":true,"href":"https:\/\/arrepiadovelho.pt\/pt\/wp-json\/wp\/v2\/product_cat?post=174"},{"taxonomy":"product_tag","embeddable":true,"href":"https:\/\/arrepiadovelho.pt\/pt\/wp-json\/wp\/v2\/product_tag?post=174"}],"curies":[{"name":"wp","href":"https:\/\/api.w.org\/{rel}","templated":true}]}}