{"id":169,"date":"2019-06-14T11:04:16","date_gmt":"2019-06-14T10:04:16","guid":{"rendered":"https:\/\/arrepiadovelho.pt\/pt\/?post_type=product&#038;p=169"},"modified":"2019-06-23T22:51:13","modified_gmt":"2019-06-23T21:51:13","slug":"herdade-arrepiado-velho-rose","status":"publish","type":"product","link":"https:\/\/arrepiadovelho.pt\/pt\/produto\/herdade-arrepiado-velho-rose\/","title":{"rendered":"Herdade Arrepiado Velho Ros\u00e9"},"content":{"rendered":"<div class=\"row\"  id=\"row-1382242576\">\n\n\t<div id=\"col-852839889\" class=\"col medium-6 small-12 large-6\"  >\n\t\t\t\t<div class=\"col-inner\"  >\n\t\t\t\n\t\t\t\n<h3>Vinifica\u00e7\u00e3o<\/h3>\n<p>Em bica aberta, a partir de sangria, em cuba de inox a 12oC graus durante 30 dias.<\/p>\n<h3>Castas<\/h3>\n<p>80% Petit Verdot, 20% Touriga Nacional<\/p>\n<h3>Est\u00e1gio<\/h3>\n<p>Cubas de a\u00e7o inox com fermenta\u00e7\u00e3o a temperaturas controladas.<\/p>\n<h3>\u00c1lcool<\/h3>\n<p>12% vol<\/p>\n\t\t<\/div>\n\t\t\t\t\t<\/div>\n\n\t\n\n\t<div id=\"col-1036748958\" class=\"col medium-6 small-12 large-6\"  >\n\t\t\t\t<div class=\"col-inner\"  >\n\t\t\t\n\t\t\t\n<h3>Harmoniza\u00e7\u00e3o<\/h3>\n<p>\nCombina muito bem com sushi e pratos simples de salada e massa.<\/p>\n<h3>Nota de prova<\/h3>\n<p>\nDelicado e elegante, combina aromas florais da Touriga Nacional, com aromas de frutos negros maduros do Petit Verdot.<\/p>\n\t\t<\/div>\n\t\t\t\t\t<\/div>\n\n\t\n<\/div>\n","protected":false},"excerpt":{"rendered":"<p>80% Petit Verdot, 20% Touriga Nacional<\/p>\n","protected":false},"featured_media":375,"template":"","meta":[],"product_cat":[20],"product_tag":[],"yoast_head":"<!-- This site is optimized with the Yoast SEO plugin v21.7 - https:\/\/yoast.com\/wordpress\/plugins\/seo\/ -->\n<title>Herdade Arrepiado Velho Ros\u00e9 - Herdade do Arrepiado Velho<\/title>\n<meta name=\"robots\" content=\"index, follow, max-snippet:-1, max-image-preview:large, max-video-preview:-1\" \/>\n<link rel=\"canonical\" href=\"https:\/\/arrepiadovelho.pt\/pt\/produto\/herdade-arrepiado-velho-rose\/\" \/>\n<meta property=\"og:locale\" content=\"pt_PT\" \/>\n<meta property=\"og:type\" content=\"article\" \/>\n<meta property=\"og:title\" content=\"Herdade Arrepiado Velho Ros\u00e9 - Herdade do Arrepiado Velho\" \/>\n<meta property=\"og:description\" content=\"80% Petit Verdot, 20% Touriga Nacional\" \/>\n<meta property=\"og:url\" content=\"https:\/\/arrepiadovelho.pt\/pt\/produto\/herdade-arrepiado-velho-rose\/\" \/>\n<meta property=\"og:site_name\" content=\"Herdade do Arrepiado Velho\" \/>\n<meta property=\"article:publisher\" content=\"https:\/\/www.facebook.com\/arrepiadovelho\/\" \/>\n<meta property=\"article:modified_time\" content=\"2019-06-23T21:51:13+00:00\" \/>\n<meta property=\"og:image\" content=\"https:\/\/arrepiadovelho.pt\/pt\/wp-content\/uploads\/2019\/06\/hav_rose2__1200.jpg\" \/>\n\t<meta property=\"og:image:width\" content=\"1200\" \/>\n\t<meta property=\"og:image:height\" content=\"1200\" \/>\n\t<meta property=\"og:image:type\" content=\"image\/jpeg\" \/>\n<meta name=\"twitter:card\" content=\"summary_large_image\" \/>\n<script type=\"application\/ld+json\" class=\"yoast-schema-graph\">{\"@context\":\"https:\/\/schema.org\",\"@graph\":[{\"@type\":\"WebPage\",\"@id\":\"https:\/\/arrepiadovelho.pt\/pt\/produto\/herdade-arrepiado-velho-rose\/\",\"url\":\"https:\/\/arrepiadovelho.pt\/pt\/produto\/herdade-arrepiado-velho-rose\/\",\"name\":\"Herdade Arrepiado Velho Ros\u00e9 - Herdade do Arrepiado Velho\",\"isPartOf\":{\"@id\":\"https:\/\/arrepiadovelho.pt\/pt\/#website\"},\"datePublished\":\"2019-06-14T10:04:16+00:00\",\"dateModified\":\"2019-06-23T21:51:13+00:00\",\"breadcrumb\":{\"@id\":\"https:\/\/arrepiadovelho.pt\/pt\/produto\/herdade-arrepiado-velho-rose\/#breadcrumb\"},\"inLanguage\":\"pt-PT\",\"potentialAction\":[{\"@type\":\"ReadAction\",\"target\":[\"https:\/\/arrepiadovelho.pt\/pt\/produto\/herdade-arrepiado-velho-rose\/\"]}]},{\"@type\":\"BreadcrumbList\",\"@id\":\"https:\/\/arrepiadovelho.pt\/pt\/produto\/herdade-arrepiado-velho-rose\/#breadcrumb\",\"itemListElement\":[{\"@type\":\"ListItem\",\"position\":1,\"name\":\"In\u00edcio\",\"item\":\"https:\/\/arrepiadovelho.pt\/pt\/\"},{\"@type\":\"ListItem\",\"position\":2,\"name\":\"Vinhos\",\"item\":\"https:\/\/arrepiadovelho.pt\/pt\/vinhos\/\"},{\"@type\":\"ListItem\",\"position\":3,\"name\":\"Herdade Arrepiado Velho Ros\u00e9\"}]},{\"@type\":\"WebSite\",\"@id\":\"https:\/\/arrepiadovelho.pt\/pt\/#website\",\"url\":\"https:\/\/arrepiadovelho.pt\/pt\/\",\"name\":\"Herdade do Arrepiado Velho [PT]\",\"description\":\"No Alentejo, encontramos um para\u00edso onde com toda a dedica\u00e7\u00e3o nascem vinhos \u00fanicos.\",\"publisher\":{\"@id\":\"https:\/\/arrepiadovelho.pt\/pt\/#organization\"},\"potentialAction\":[{\"@type\":\"SearchAction\",\"target\":{\"@type\":\"EntryPoint\",\"urlTemplate\":\"https:\/\/arrepiadovelho.pt\/pt\/?s={search_term_string}\"},\"query-input\":\"required name=search_term_string\"}],\"inLanguage\":\"pt-PT\"},{\"@type\":\"Organization\",\"@id\":\"https:\/\/arrepiadovelho.pt\/pt\/#organization\",\"name\":\"Herdade do Arrepiado Velho [PT]\",\"url\":\"https:\/\/arrepiadovelho.pt\/pt\/\",\"logo\":{\"@type\":\"ImageObject\",\"inLanguage\":\"pt-PT\",\"@id\":\"https:\/\/arrepiadovelho.pt\/pt\/#\/schema\/logo\/image\/\",\"url\":\"https:\/\/arrepiadovelho.pt\/pt\/wp-content\/uploads\/2019\/06\/logo_sticky.jpg\",\"contentUrl\":\"https:\/\/arrepiadovelho.pt\/pt\/wp-content\/uploads\/2019\/06\/logo_sticky.jpg\",\"width\":350,\"height\":350,\"caption\":\"Herdade do Arrepiado Velho [PT]\"},\"image\":{\"@id\":\"https:\/\/arrepiadovelho.pt\/pt\/#\/schema\/logo\/image\/\"},\"sameAs\":[\"https:\/\/www.facebook.com\/arrepiadovelho\/\"]}]}<\/script>\n<!-- \/ Yoast SEO plugin. -->","yoast_head_json":{"title":"Herdade Arrepiado Velho Ros\u00e9 - Herdade do Arrepiado Velho","robots":{"index":"index","follow":"follow","max-snippet":"max-snippet:-1","max-image-preview":"max-image-preview:large","max-video-preview":"max-video-preview:-1"},"canonical":"https:\/\/arrepiadovelho.pt\/pt\/produto\/herdade-arrepiado-velho-rose\/","og_locale":"pt_PT","og_type":"article","og_title":"Herdade Arrepiado Velho Ros\u00e9 - Herdade do Arrepiado Velho","og_description":"80% Petit Verdot, 20% Touriga Nacional","og_url":"https:\/\/arrepiadovelho.pt\/pt\/produto\/herdade-arrepiado-velho-rose\/","og_site_name":"Herdade do Arrepiado Velho","article_publisher":"https:\/\/www.facebook.com\/arrepiadovelho\/","article_modified_time":"2019-06-23T21:51:13+00:00","og_image":[{"width":1200,"height":1200,"url":"https:\/\/arrepiadovelho.pt\/pt\/wp-content\/uploads\/2019\/06\/hav_rose2__1200.jpg","type":"image\/jpeg"}],"twitter_card":"summary_large_image","schema":{"@context":"https:\/\/schema.org","@graph":[{"@type":"WebPage","@id":"https:\/\/arrepiadovelho.pt\/pt\/produto\/herdade-arrepiado-velho-rose\/","url":"https:\/\/arrepiadovelho.pt\/pt\/produto\/herdade-arrepiado-velho-rose\/","name":"Herdade Arrepiado Velho Ros\u00e9 - Herdade do Arrepiado Velho","isPartOf":{"@id":"https:\/\/arrepiadovelho.pt\/pt\/#website"},"datePublished":"2019-06-14T10:04:16+00:00","dateModified":"2019-06-23T21:51:13+00:00","breadcrumb":{"@id":"https:\/\/arrepiadovelho.pt\/pt\/produto\/herdade-arrepiado-velho-rose\/#breadcrumb"},"inLanguage":"pt-PT","potentialAction":[{"@type":"ReadAction","target":["https:\/\/arrepiadovelho.pt\/pt\/produto\/herdade-arrepiado-velho-rose\/"]}]},{"@type":"BreadcrumbList","@id":"https:\/\/arrepiadovelho.pt\/pt\/produto\/herdade-arrepiado-velho-rose\/#breadcrumb","itemListElement":[{"@type":"ListItem","position":1,"name":"In\u00edcio","item":"https:\/\/arrepiadovelho.pt\/pt\/"},{"@type":"ListItem","position":2,"name":"Vinhos","item":"https:\/\/arrepiadovelho.pt\/pt\/vinhos\/"},{"@type":"ListItem","position":3,"name":"Herdade Arrepiado Velho Ros\u00e9"}]},{"@type":"WebSite","@id":"https:\/\/arrepiadovelho.pt\/pt\/#website","url":"https:\/\/arrepiadovelho.pt\/pt\/","name":"Herdade do Arrepiado Velho [PT]","description":"No Alentejo, encontramos um para\u00edso onde com toda a dedica\u00e7\u00e3o nascem vinhos \u00fanicos.","publisher":{"@id":"https:\/\/arrepiadovelho.pt\/pt\/#organization"},"potentialAction":[{"@type":"SearchAction","target":{"@type":"EntryPoint","urlTemplate":"https:\/\/arrepiadovelho.pt\/pt\/?s={search_term_string}"},"query-input":"required name=search_term_string"}],"inLanguage":"pt-PT"},{"@type":"Organization","@id":"https:\/\/arrepiadovelho.pt\/pt\/#organization","name":"Herdade do Arrepiado Velho [PT]","url":"https:\/\/arrepiadovelho.pt\/pt\/","logo":{"@type":"ImageObject","inLanguage":"pt-PT","@id":"https:\/\/arrepiadovelho.pt\/pt\/#\/schema\/logo\/image\/","url":"https:\/\/arrepiadovelho.pt\/pt\/wp-content\/uploads\/2019\/06\/logo_sticky.jpg","contentUrl":"https:\/\/arrepiadovelho.pt\/pt\/wp-content\/uploads\/2019\/06\/logo_sticky.jpg","width":350,"height":350,"caption":"Herdade do Arrepiado Velho [PT]"},"image":{"@id":"https:\/\/arrepiadovelho.pt\/pt\/#\/schema\/logo\/image\/"},"sameAs":["https:\/\/www.facebook.com\/arrepiadovelho\/"]}]}},"_links":{"self":[{"href":"https:\/\/arrepiadovelho.pt\/pt\/wp-json\/wp\/v2\/product\/169"}],"collection":[{"href":"https:\/\/arrepiadovelho.pt\/pt\/wp-json\/wp\/v2\/product"}],"about":[{"href":"https:\/\/arrepiadovelho.pt\/pt\/wp-json\/wp\/v2\/types\/product"}],"wp:featuredmedia":[{"embeddable":true,"href":"https:\/\/arrepiadovelho.pt\/pt\/wp-json\/wp\/v2\/media\/375"}],"wp:attachment":[{"href":"https:\/\/arrepiadovelho.pt\/pt\/wp-json\/wp\/v2\/media?parent=169"}],"wp:term":[{"taxonomy":"product_cat","embeddable":true,"href":"https:\/\/arrepiadovelho.pt\/pt\/wp-json\/wp\/v2\/product_cat?post=169"},{"taxonomy":"product_tag","embeddable":true,"href":"https:\/\/arrepiadovelho.pt\/pt\/wp-json\/wp\/v2\/product_tag?post=169"}],"curies":[{"name":"wp","href":"https:\/\/api.w.org\/{rel}","templated":true}]}}