{"id":335,"date":"2019-06-21T15:24:34","date_gmt":"2019-06-21T14:24:34","guid":{"rendered":"https:\/\/arrepiadovelho.pt\/pt\/?page_id=335"},"modified":"2019-06-24T11:47:39","modified_gmt":"2019-06-24T10:47:39","slug":"white-series","status":"publish","type":"page","link":"https:\/\/arrepiadovelho.pt\/pt\/vinhos\/white-series\/","title":{"rendered":"White series"},"content":{"rendered":"<div class=\"row\"  id=\"row-616574044\">\n\n\t<div id=\"col-878252301\" class=\"col small-12 large-12\"  >\n\t\t\t\t<div class=\"col-inner text-left\"  >\n\t\t\t\n\t\t\t\n\t<div id=\"gap-1819687529\" class=\"gap-element clearfix\" style=\"display:block; height:auto;\">\n\t\t\n<style>\n#gap-1819687529 {\n  padding-top: 40px;\n}\n<\/style>\n\t<\/div>\n\t\n<h2 class=\"uppercase\"><em>White series<\/em><\/h2>\n\t\n  \n    <div class=\"row large-columns-3 medium-columns- small-columns-2 row-small\" >\n  \n\t     <div class=\"product-small col has-hover product type-product post-173 status-publish first instock product_cat-branco has-post-thumbnail shipping-taxable product-type-simple\">\n\t<div class=\"col-inner\">\n\t\n<div class=\"badge-container absolute left top z-1\">\n\n<\/div>\n\t<div class=\"product-small box \">\n\t\t<div class=\"box-image\">\n\t\t\t<div class=\"image-fade_in_back\">\n\t\t\t\t<a href=\"https:\/\/arrepiadovelho.pt\/pt\/produto\/herdade-arrepiado-velho-riesling\/\" aria-label=\"Herdade Arrepiado Velho - Riesling\">\n\t\t\t\t\t<img loading=\"lazy\" decoding=\"async\" width=\"600\" height=\"600\" src=\"https:\/\/arrepiadovelho.pt\/pt\/wp-content\/uploads\/2019\/06\/riesling__1200-600x600.jpg\" class=\"attachment-woocommerce_thumbnail size-woocommerce_thumbnail\" alt=\"\" \/>\t\t\t\t<\/a>\n\t\t\t<\/div>\n\t\t\t<div class=\"image-tools is-small top right show-on-hover\">\n\t\t\t\t\t\t\t<\/div>\n\t\t\t<div class=\"image-tools is-small hide-for-small bottom left show-on-hover\">\n\t\t\t\t\t\t\t<\/div>\n\t\t\t<div class=\"image-tools grid-tools text-center hide-for-small bottom hover-slide-in show-on-hover\">\n\t\t\t\t\t\t\t<\/div>\n\t\t\t\t\t<\/div>\n\n\t\t<div class=\"box-text box-text-products text-center grid-style-2\">\n\t\t\t<div class=\"title-wrapper\">\t\t<p class=\"category uppercase is-smaller no-text-overflow product-cat op-7\">\n\t\t\tBranco\t\t<\/p>\n\t<p class=\"name product-title woocommerce-loop-product__title\"><a href=\"https:\/\/arrepiadovelho.pt\/pt\/produto\/herdade-arrepiado-velho-riesling\/\" class=\"woocommerce-LoopProduct-link woocommerce-loop-product__link\">Herdade Arrepiado Velho &#8211; Riesling<\/a><\/p><\/div><div class=\"price-wrapper\"><\/div>\t\t<p class=\"box-excerpt is-small\">\n\t\t\t100% Riesling\t\t<\/p>\n\t\t\t\t<\/div>\n\t<\/div>\n\t\t<\/div>\n<\/div><div class=\"product-small col has-hover product type-product post-179 status-publish instock product_cat-branco has-post-thumbnail shipping-taxable product-type-simple\">\n\t<div class=\"col-inner\">\n\t\n<div class=\"badge-container absolute left top z-1\">\n\n<\/div>\n\t<div class=\"product-small box \">\n\t\t<div class=\"box-image\">\n\t\t\t<div class=\"image-fade_in_back\">\n\t\t\t\t<a href=\"https:\/\/arrepiadovelho.pt\/pt\/produto\/herdade-arrepiado-velho-viognier\/\" aria-label=\"Herdade Arrepiado Velho - Viognier\">\n\t\t\t\t\t<img loading=\"lazy\" decoding=\"async\" width=\"600\" height=\"600\" src=\"https:\/\/arrepiadovelho.pt\/pt\/wp-content\/uploads\/2019\/06\/viogner_1200-600x600.jpg\" class=\"attachment-woocommerce_thumbnail size-woocommerce_thumbnail\" alt=\"\" \/>\t\t\t\t<\/a>\n\t\t\t<\/div>\n\t\t\t<div class=\"image-tools is-small top right show-on-hover\">\n\t\t\t\t\t\t\t<\/div>\n\t\t\t<div class=\"image-tools is-small hide-for-small bottom left show-on-hover\">\n\t\t\t\t\t\t\t<\/div>\n\t\t\t<div class=\"image-tools grid-tools text-center hide-for-small bottom hover-slide-in show-on-hover\">\n\t\t\t\t\t\t\t<\/div>\n\t\t\t\t\t<\/div>\n\n\t\t<div class=\"box-text box-text-products text-center grid-style-2\">\n\t\t\t<div class=\"title-wrapper\">\t\t<p class=\"category uppercase is-smaller no-text-overflow product-cat op-7\">\n\t\t\tBranco\t\t<\/p>\n\t<p class=\"name product-title woocommerce-loop-product__title\"><a href=\"https:\/\/arrepiadovelho.pt\/pt\/produto\/herdade-arrepiado-velho-viognier\/\" class=\"woocommerce-LoopProduct-link woocommerce-loop-product__link\">Herdade Arrepiado Velho &#8211; Viognier<\/a><\/p><\/div><div class=\"price-wrapper\"><\/div>\t\t<p class=\"box-excerpt is-small\">\n\t\t\tViognier 100%\t\t<\/p>\n\t\t\t\t<\/div>\n\t<\/div>\n\t\t<\/div>\n<\/div><div class=\"product-small col has-hover product type-product post-172 status-publish last instock product_cat-branco has-post-thumbnail shipping-taxable product-type-simple\">\n\t<div class=\"col-inner\">\n\t\n<div class=\"badge-container absolute left top z-1\">\n\n<\/div>\n\t<div class=\"product-small box \">\n\t\t<div class=\"box-image\">\n\t\t\t<div class=\"image-fade_in_back\">\n\t\t\t\t<a href=\"https:\/\/arrepiadovelho.pt\/pt\/produto\/herdade-arrepiado-velho-verdelho\/\" aria-label=\"Herdade Arrepiado Velho - Verdelho\">\n\t\t\t\t\t<img loading=\"lazy\" decoding=\"async\" width=\"600\" height=\"600\" src=\"https:\/\/arrepiadovelho.pt\/pt\/wp-content\/uploads\/2019\/06\/verdelho__1200-600x600.jpg\" class=\"attachment-woocommerce_thumbnail size-woocommerce_thumbnail\" alt=\"\" \/>\t\t\t\t<\/a>\n\t\t\t<\/div>\n\t\t\t<div class=\"image-tools is-small top right show-on-hover\">\n\t\t\t\t\t\t\t<\/div>\n\t\t\t<div class=\"image-tools is-small hide-for-small bottom left show-on-hover\">\n\t\t\t\t\t\t\t<\/div>\n\t\t\t<div class=\"image-tools grid-tools text-center hide-for-small bottom hover-slide-in show-on-hover\">\n\t\t\t\t\t\t\t<\/div>\n\t\t\t\t\t<\/div>\n\n\t\t<div class=\"box-text box-text-products text-center grid-style-2\">\n\t\t\t<div class=\"title-wrapper\">\t\t<p class=\"category uppercase is-smaller no-text-overflow product-cat op-7\">\n\t\t\tBranco\t\t<\/p>\n\t<p class=\"name product-title woocommerce-loop-product__title\"><a href=\"https:\/\/arrepiadovelho.pt\/pt\/produto\/herdade-arrepiado-velho-verdelho\/\" class=\"woocommerce-LoopProduct-link woocommerce-loop-product__link\">Herdade Arrepiado Velho &#8211; Verdelho<\/a><\/p><\/div><div class=\"price-wrapper\"><\/div>\t\t<p class=\"box-excerpt is-small\">\n\t\t\tVerdelho 100%\t\t<\/p>\n\t\t\t\t<\/div>\n\t<\/div>\n\t\t<\/div>\n<\/div><\/div>\n\t\t<\/div>\n\t\t\t\t\t<\/div>\n\n\t\n<\/div>\n","protected":false},"excerpt":{"rendered":"","protected":false},"author":1,"featured_media":0,"parent":14,"menu_order":0,"comment_status":"closed","ping_status":"closed","template":"page-blank.php","meta":{"footnotes":""},"yoast_head":"<!-- This site is optimized with the Yoast SEO plugin v21.7 - https:\/\/yoast.com\/wordpress\/plugins\/seo\/ -->\n<title>White series - Herdade do Arrepiado Velho<\/title>\n<meta name=\"robots\" content=\"index, follow, max-snippet:-1, max-image-preview:large, max-video-preview:-1\" \/>\n<link rel=\"canonical\" href=\"https:\/\/arrepiadovelho.pt\/pt\/vinhos\/white-series\/\" \/>\n<meta property=\"og:locale\" content=\"pt_PT\" \/>\n<meta property=\"og:type\" content=\"article\" \/>\n<meta property=\"og:title\" content=\"White series - Herdade do Arrepiado Velho\" \/>\n<meta property=\"og:url\" content=\"https:\/\/arrepiadovelho.pt\/pt\/vinhos\/white-series\/\" \/>\n<meta property=\"og:site_name\" content=\"Herdade do Arrepiado Velho\" \/>\n<meta property=\"article:publisher\" content=\"https:\/\/www.facebook.com\/arrepiadovelho\/\" \/>\n<meta property=\"article:modified_time\" content=\"2019-06-24T10:47:39+00:00\" \/>\n<meta property=\"og:image\" content=\"https:\/\/arrepiadovelho.pt\/pt\/wp-content\/uploads\/2019\/06\/fb.jpg\" \/>\n\t<meta property=\"og:image:width\" content=\"2400\" \/>\n\t<meta property=\"og:image:height\" content=\"888\" \/>\n\t<meta property=\"og:image:type\" content=\"image\/jpeg\" \/>\n<meta name=\"twitter:card\" content=\"summary_large_image\" \/>\n<script type=\"application\/ld+json\" class=\"yoast-schema-graph\">{\"@context\":\"https:\/\/schema.org\",\"@graph\":[{\"@type\":\"WebPage\",\"@id\":\"https:\/\/arrepiadovelho.pt\/pt\/vinhos\/white-series\/\",\"url\":\"https:\/\/arrepiadovelho.pt\/pt\/vinhos\/white-series\/\",\"name\":\"White series - Herdade do Arrepiado Velho\",\"isPartOf\":{\"@id\":\"https:\/\/arrepiadovelho.pt\/pt\/#website\"},\"datePublished\":\"2019-06-21T14:24:34+00:00\",\"dateModified\":\"2019-06-24T10:47:39+00:00\",\"breadcrumb\":{\"@id\":\"https:\/\/arrepiadovelho.pt\/pt\/vinhos\/white-series\/#breadcrumb\"},\"inLanguage\":\"pt-PT\",\"potentialAction\":[{\"@type\":\"ReadAction\",\"target\":[\"https:\/\/arrepiadovelho.pt\/pt\/vinhos\/white-series\/\"]}]},{\"@type\":\"BreadcrumbList\",\"@id\":\"https:\/\/arrepiadovelho.pt\/pt\/vinhos\/white-series\/#breadcrumb\",\"itemListElement\":[{\"@type\":\"ListItem\",\"position\":1,\"name\":\"In\u00edcio\",\"item\":\"https:\/\/arrepiadovelho.pt\/pt\/\"},{\"@type\":\"ListItem\",\"position\":2,\"name\":\"Vinhos\",\"item\":\"https:\/\/arrepiadovelho.pt\/pt\/vinhos\/\"},{\"@type\":\"ListItem\",\"position\":3,\"name\":\"White series\"}]},{\"@type\":\"WebSite\",\"@id\":\"https:\/\/arrepiadovelho.pt\/pt\/#website\",\"url\":\"https:\/\/arrepiadovelho.pt\/pt\/\",\"name\":\"Herdade do Arrepiado Velho [PT]\",\"description\":\"No Alentejo, encontramos um para\u00edso onde com toda a dedica\u00e7\u00e3o nascem vinhos \u00fanicos.\",\"publisher\":{\"@id\":\"https:\/\/arrepiadovelho.pt\/pt\/#organization\"},\"potentialAction\":[{\"@type\":\"SearchAction\",\"target\":{\"@type\":\"EntryPoint\",\"urlTemplate\":\"https:\/\/arrepiadovelho.pt\/pt\/?s={search_term_string}\"},\"query-input\":\"required name=search_term_string\"}],\"inLanguage\":\"pt-PT\"},{\"@type\":\"Organization\",\"@id\":\"https:\/\/arrepiadovelho.pt\/pt\/#organization\",\"name\":\"Herdade do Arrepiado Velho [PT]\",\"url\":\"https:\/\/arrepiadovelho.pt\/pt\/\",\"logo\":{\"@type\":\"ImageObject\",\"inLanguage\":\"pt-PT\",\"@id\":\"https:\/\/arrepiadovelho.pt\/pt\/#\/schema\/logo\/image\/\",\"url\":\"https:\/\/arrepiadovelho.pt\/pt\/wp-content\/uploads\/2019\/06\/logo_sticky.jpg\",\"contentUrl\":\"https:\/\/arrepiadovelho.pt\/pt\/wp-content\/uploads\/2019\/06\/logo_sticky.jpg\",\"width\":350,\"height\":350,\"caption\":\"Herdade do Arrepiado Velho [PT]\"},\"image\":{\"@id\":\"https:\/\/arrepiadovelho.pt\/pt\/#\/schema\/logo\/image\/\"},\"sameAs\":[\"https:\/\/www.facebook.com\/arrepiadovelho\/\"]}]}<\/script>\n<!-- \/ Yoast SEO plugin. -->","yoast_head_json":{"title":"White series - Herdade do Arrepiado Velho","robots":{"index":"index","follow":"follow","max-snippet":"max-snippet:-1","max-image-preview":"max-image-preview:large","max-video-preview":"max-video-preview:-1"},"canonical":"https:\/\/arrepiadovelho.pt\/pt\/vinhos\/white-series\/","og_locale":"pt_PT","og_type":"article","og_title":"White series - Herdade do Arrepiado Velho","og_url":"https:\/\/arrepiadovelho.pt\/pt\/vinhos\/white-series\/","og_site_name":"Herdade do Arrepiado Velho","article_publisher":"https:\/\/www.facebook.com\/arrepiadovelho\/","article_modified_time":"2019-06-24T10:47:39+00:00","og_image":[{"width":2400,"height":888,"url":"https:\/\/arrepiadovelho.pt\/pt\/wp-content\/uploads\/2019\/06\/fb.jpg","type":"image\/jpeg"}],"twitter_card":"summary_large_image","schema":{"@context":"https:\/\/schema.org","@graph":[{"@type":"WebPage","@id":"https:\/\/arrepiadovelho.pt\/pt\/vinhos\/white-series\/","url":"https:\/\/arrepiadovelho.pt\/pt\/vinhos\/white-series\/","name":"White series - Herdade do Arrepiado Velho","isPartOf":{"@id":"https:\/\/arrepiadovelho.pt\/pt\/#website"},"datePublished":"2019-06-21T14:24:34+00:00","dateModified":"2019-06-24T10:47:39+00:00","breadcrumb":{"@id":"https:\/\/arrepiadovelho.pt\/pt\/vinhos\/white-series\/#breadcrumb"},"inLanguage":"pt-PT","potentialAction":[{"@type":"ReadAction","target":["https:\/\/arrepiadovelho.pt\/pt\/vinhos\/white-series\/"]}]},{"@type":"BreadcrumbList","@id":"https:\/\/arrepiadovelho.pt\/pt\/vinhos\/white-series\/#breadcrumb","itemListElement":[{"@type":"ListItem","position":1,"name":"In\u00edcio","item":"https:\/\/arrepiadovelho.pt\/pt\/"},{"@type":"ListItem","position":2,"name":"Vinhos","item":"https:\/\/arrepiadovelho.pt\/pt\/vinhos\/"},{"@type":"ListItem","position":3,"name":"White series"}]},{"@type":"WebSite","@id":"https:\/\/arrepiadovelho.pt\/pt\/#website","url":"https:\/\/arrepiadovelho.pt\/pt\/","name":"Herdade do Arrepiado Velho [PT]","description":"No Alentejo, encontramos um para\u00edso onde com toda a dedica\u00e7\u00e3o nascem vinhos \u00fanicos.","publisher":{"@id":"https:\/\/arrepiadovelho.pt\/pt\/#organization"},"potentialAction":[{"@type":"SearchAction","target":{"@type":"EntryPoint","urlTemplate":"https:\/\/arrepiadovelho.pt\/pt\/?s={search_term_string}"},"query-input":"required name=search_term_string"}],"inLanguage":"pt-PT"},{"@type":"Organization","@id":"https:\/\/arrepiadovelho.pt\/pt\/#organization","name":"Herdade do Arrepiado Velho [PT]","url":"https:\/\/arrepiadovelho.pt\/pt\/","logo":{"@type":"ImageObject","inLanguage":"pt-PT","@id":"https:\/\/arrepiadovelho.pt\/pt\/#\/schema\/logo\/image\/","url":"https:\/\/arrepiadovelho.pt\/pt\/wp-content\/uploads\/2019\/06\/logo_sticky.jpg","contentUrl":"https:\/\/arrepiadovelho.pt\/pt\/wp-content\/uploads\/2019\/06\/logo_sticky.jpg","width":350,"height":350,"caption":"Herdade do Arrepiado Velho [PT]"},"image":{"@id":"https:\/\/arrepiadovelho.pt\/pt\/#\/schema\/logo\/image\/"},"sameAs":["https:\/\/www.facebook.com\/arrepiadovelho\/"]}]}},"_links":{"self":[{"href":"https:\/\/arrepiadovelho.pt\/pt\/wp-json\/wp\/v2\/pages\/335"}],"collection":[{"href":"https:\/\/arrepiadovelho.pt\/pt\/wp-json\/wp\/v2\/pages"}],"about":[{"href":"https:\/\/arrepiadovelho.pt\/pt\/wp-json\/wp\/v2\/types\/page"}],"author":[{"embeddable":true,"href":"https:\/\/arrepiadovelho.pt\/pt\/wp-json\/wp\/v2\/users\/1"}],"replies":[{"embeddable":true,"href":"https:\/\/arrepiadovelho.pt\/pt\/wp-json\/wp\/v2\/comments?post=335"}],"version-history":[{"count":3,"href":"https:\/\/arrepiadovelho.pt\/pt\/wp-json\/wp\/v2\/pages\/335\/revisions"}],"predecessor-version":[{"id":409,"href":"https:\/\/arrepiadovelho.pt\/pt\/wp-json\/wp\/v2\/pages\/335\/revisions\/409"}],"up":[{"embeddable":true,"href":"https:\/\/arrepiadovelho.pt\/pt\/wp-json\/wp\/v2\/pages\/14"}],"wp:attachment":[{"href":"https:\/\/arrepiadovelho.pt\/pt\/wp-json\/wp\/v2\/media?parent=335"}],"curies":[{"name":"wp","href":"https:\/\/api.w.org\/{rel}","templated":true}]}}