{"id":330,"date":"2019-06-21T15:19:02","date_gmt":"2019-06-21T14:19:02","guid":{"rendered":"https:\/\/arrepiadovelho.pt\/pt\/?page_id=330"},"modified":"2019-06-24T11:46:13","modified_gmt":"2019-06-24T10:46:13","slug":"colheitas","status":"publish","type":"page","link":"https:\/\/arrepiadovelho.pt\/pt\/vinhos\/colheitas\/","title":{"rendered":"Colheitas"},"content":{"rendered":"<div class=\"row\"  id=\"row-1648101490\">\n\n\t<div id=\"col-823085233\" class=\"col small-12 large-12\"  >\n\t\t\t\t<div class=\"col-inner text-left\"  >\n\t\t\t\n\t\t\t\n\t<div id=\"gap-814206083\" class=\"gap-element clearfix\" style=\"display:block; height:auto;\">\n\t\t\n<style>\n#gap-814206083 {\n  padding-top: 40px;\n}\n<\/style>\n\t<\/div>\n\t\n<h2 class=\"uppercase\"><em>Colheitas<\/em><\/h2>\n\t\n  \n    <div class=\"row large-columns-3 medium-columns- small-columns-2 row-small\" >\n  \n\t     <div class=\"product-small col has-hover product type-product post-167 status-publish first instock product_cat-tinto has-post-thumbnail shipping-taxable product-type-simple\">\n\t<div class=\"col-inner\">\n\t\n<div class=\"badge-container absolute left top z-1\">\n\n<\/div>\n\t<div class=\"product-small box \">\n\t\t<div class=\"box-image\">\n\t\t\t<div class=\"image-fade_in_back\">\n\t\t\t\t<a href=\"https:\/\/arrepiadovelho.pt\/pt\/produto\/herdade-arrepiado-velho-tinto\/\" aria-label=\"Herdade Arrepiado Velho Tinto\">\n\t\t\t\t\t<img loading=\"lazy\" decoding=\"async\" width=\"600\" height=\"600\" src=\"https:\/\/arrepiadovelho.pt\/pt\/wp-content\/uploads\/2019\/06\/hav_red_1200-600x600.jpg\" class=\"attachment-woocommerce_thumbnail size-woocommerce_thumbnail\" alt=\"\" \/>\t\t\t\t<\/a>\n\t\t\t<\/div>\n\t\t\t<div class=\"image-tools is-small top right show-on-hover\">\n\t\t\t\t\t\t\t<\/div>\n\t\t\t<div class=\"image-tools is-small hide-for-small bottom left show-on-hover\">\n\t\t\t\t\t\t\t<\/div>\n\t\t\t<div class=\"image-tools grid-tools text-center hide-for-small bottom hover-slide-in show-on-hover\">\n\t\t\t\t\t\t\t<\/div>\n\t\t\t\t\t<\/div>\n\n\t\t<div class=\"box-text box-text-products text-center grid-style-2\">\n\t\t\t<div class=\"title-wrapper\">\t\t<p class=\"category uppercase is-smaller no-text-overflow product-cat op-7\">\n\t\t\tTinto\t\t<\/p>\n\t<p class=\"name product-title woocommerce-loop-product__title\"><a href=\"https:\/\/arrepiadovelho.pt\/pt\/produto\/herdade-arrepiado-velho-tinto\/\" class=\"woocommerce-LoopProduct-link woocommerce-loop-product__link\">Herdade Arrepiado Velho Tinto<\/a><\/p><\/div><div class=\"price-wrapper\"><\/div>\t\t<p class=\"box-excerpt is-small\">\n\t\t\t100% Touriga Nacional\t\t<\/p>\n\t\t\t\t<\/div>\n\t<\/div>\n\t\t<\/div>\n<\/div><div class=\"product-small col has-hover product type-product post-168 status-publish instock product_cat-branco has-post-thumbnail shipping-taxable product-type-simple\">\n\t<div class=\"col-inner\">\n\t\n<div class=\"badge-container absolute left top z-1\">\n\n<\/div>\n\t<div class=\"product-small box \">\n\t\t<div class=\"box-image\">\n\t\t\t<div class=\"image-fade_in_back\">\n\t\t\t\t<a href=\"https:\/\/arrepiadovelho.pt\/pt\/produto\/herdade-arrepiado-velho-branco\/\" aria-label=\"Herdade Arrepiado Velho Branco\">\n\t\t\t\t\t<img loading=\"lazy\" decoding=\"async\" width=\"600\" height=\"600\" src=\"https:\/\/arrepiadovelho.pt\/pt\/wp-content\/uploads\/2019\/06\/hav_white_1200-600x600.jpg\" class=\"attachment-woocommerce_thumbnail size-woocommerce_thumbnail\" alt=\"\" \/>\t\t\t\t<\/a>\n\t\t\t<\/div>\n\t\t\t<div class=\"image-tools is-small top right show-on-hover\">\n\t\t\t\t\t\t\t<\/div>\n\t\t\t<div class=\"image-tools is-small hide-for-small bottom left show-on-hover\">\n\t\t\t\t\t\t\t<\/div>\n\t\t\t<div class=\"image-tools grid-tools text-center hide-for-small bottom hover-slide-in show-on-hover\">\n\t\t\t\t\t\t\t<\/div>\n\t\t\t\t\t<\/div>\n\n\t\t<div class=\"box-text box-text-products text-center grid-style-2\">\n\t\t\t<div class=\"title-wrapper\">\t\t<p class=\"category uppercase is-smaller no-text-overflow product-cat op-7\">\n\t\t\tBranco\t\t<\/p>\n\t<p class=\"name product-title woocommerce-loop-product__title\"><a href=\"https:\/\/arrepiadovelho.pt\/pt\/produto\/herdade-arrepiado-velho-branco\/\" class=\"woocommerce-LoopProduct-link woocommerce-loop-product__link\">Herdade Arrepiado Velho Branco<\/a><\/p><\/div><div class=\"price-wrapper\"><\/div>\t\t<p class=\"box-excerpt is-small\">\n\t\t\t80% Ant\u00e3o Vaz ; 20% Verdelho\t\t<\/p>\n\t\t\t\t<\/div>\n\t<\/div>\n\t\t<\/div>\n<\/div><div class=\"product-small col has-hover product type-product post-169 status-publish last instock product_cat-rose has-post-thumbnail shipping-taxable product-type-simple\">\n\t<div class=\"col-inner\">\n\t\n<div class=\"badge-container absolute left top z-1\">\n\n<\/div>\n\t<div class=\"product-small box \">\n\t\t<div class=\"box-image\">\n\t\t\t<div class=\"image-fade_in_back\">\n\t\t\t\t<a href=\"https:\/\/arrepiadovelho.pt\/pt\/produto\/herdade-arrepiado-velho-rose\/\" aria-label=\"Herdade Arrepiado Velho Ros\u00e9\">\n\t\t\t\t\t<img loading=\"lazy\" decoding=\"async\" width=\"600\" height=\"600\" src=\"https:\/\/arrepiadovelho.pt\/pt\/wp-content\/uploads\/2019\/06\/hav_rose2__1200-600x600.jpg\" class=\"attachment-woocommerce_thumbnail size-woocommerce_thumbnail\" alt=\"\" \/>\t\t\t\t<\/a>\n\t\t\t<\/div>\n\t\t\t<div class=\"image-tools is-small top right show-on-hover\">\n\t\t\t\t\t\t\t<\/div>\n\t\t\t<div class=\"image-tools is-small hide-for-small bottom left show-on-hover\">\n\t\t\t\t\t\t\t<\/div>\n\t\t\t<div class=\"image-tools grid-tools text-center hide-for-small bottom hover-slide-in show-on-hover\">\n\t\t\t\t\t\t\t<\/div>\n\t\t\t\t\t<\/div>\n\n\t\t<div class=\"box-text box-text-products text-center grid-style-2\">\n\t\t\t<div class=\"title-wrapper\">\t\t<p class=\"category uppercase is-smaller no-text-overflow product-cat op-7\">\n\t\t\tRos\u00e9\t\t<\/p>\n\t<p class=\"name product-title woocommerce-loop-product__title\"><a href=\"https:\/\/arrepiadovelho.pt\/pt\/produto\/herdade-arrepiado-velho-rose\/\" class=\"woocommerce-LoopProduct-link woocommerce-loop-product__link\">Herdade Arrepiado Velho Ros\u00e9<\/a><\/p><\/div><div class=\"price-wrapper\"><\/div>\t\t<p class=\"box-excerpt is-small\">\n\t\t\t80% Petit Verdot, 20% Touriga Nacional\t\t<\/p>\n\t\t\t\t<\/div>\n\t<\/div>\n\t\t<\/div>\n<\/div><\/div>\n\t\t<\/div>\n\t\t\t\t\t<\/div>\n\n\t\n<\/div>\n","protected":false},"excerpt":{"rendered":"","protected":false},"author":1,"featured_media":0,"parent":14,"menu_order":0,"comment_status":"closed","ping_status":"closed","template":"page-blank.php","meta":{"footnotes":""},"yoast_head":"<!-- This site is optimized with the Yoast SEO plugin v21.7 - https:\/\/yoast.com\/wordpress\/plugins\/seo\/ -->\n<title>Colheitas - Herdade do Arrepiado Velho<\/title>\n<meta name=\"robots\" content=\"index, follow, max-snippet:-1, max-image-preview:large, max-video-preview:-1\" \/>\n<link rel=\"canonical\" href=\"https:\/\/arrepiadovelho.pt\/pt\/vinhos\/colheitas\/\" \/>\n<meta property=\"og:locale\" content=\"pt_PT\" \/>\n<meta property=\"og:type\" content=\"article\" \/>\n<meta property=\"og:title\" content=\"Colheitas - Herdade do Arrepiado Velho\" \/>\n<meta property=\"og:url\" content=\"https:\/\/arrepiadovelho.pt\/pt\/vinhos\/colheitas\/\" \/>\n<meta property=\"og:site_name\" content=\"Herdade do Arrepiado Velho\" \/>\n<meta property=\"article:publisher\" content=\"https:\/\/www.facebook.com\/arrepiadovelho\/\" \/>\n<meta property=\"article:modified_time\" content=\"2019-06-24T10:46:13+00:00\" \/>\n<meta property=\"og:image\" content=\"https:\/\/arrepiadovelho.pt\/pt\/wp-content\/uploads\/2019\/06\/fb.jpg\" \/>\n\t<meta property=\"og:image:width\" content=\"2400\" \/>\n\t<meta property=\"og:image:height\" content=\"888\" \/>\n\t<meta property=\"og:image:type\" content=\"image\/jpeg\" \/>\n<meta name=\"twitter:card\" content=\"summary_large_image\" \/>\n<script type=\"application\/ld+json\" class=\"yoast-schema-graph\">{\"@context\":\"https:\/\/schema.org\",\"@graph\":[{\"@type\":\"WebPage\",\"@id\":\"https:\/\/arrepiadovelho.pt\/pt\/vinhos\/colheitas\/\",\"url\":\"https:\/\/arrepiadovelho.pt\/pt\/vinhos\/colheitas\/\",\"name\":\"Colheitas - Herdade do Arrepiado Velho\",\"isPartOf\":{\"@id\":\"https:\/\/arrepiadovelho.pt\/pt\/#website\"},\"datePublished\":\"2019-06-21T14:19:02+00:00\",\"dateModified\":\"2019-06-24T10:46:13+00:00\",\"breadcrumb\":{\"@id\":\"https:\/\/arrepiadovelho.pt\/pt\/vinhos\/colheitas\/#breadcrumb\"},\"inLanguage\":\"pt-PT\",\"potentialAction\":[{\"@type\":\"ReadAction\",\"target\":[\"https:\/\/arrepiadovelho.pt\/pt\/vinhos\/colheitas\/\"]}]},{\"@type\":\"BreadcrumbList\",\"@id\":\"https:\/\/arrepiadovelho.pt\/pt\/vinhos\/colheitas\/#breadcrumb\",\"itemListElement\":[{\"@type\":\"ListItem\",\"position\":1,\"name\":\"In\u00edcio\",\"item\":\"https:\/\/arrepiadovelho.pt\/pt\/\"},{\"@type\":\"ListItem\",\"position\":2,\"name\":\"Vinhos\",\"item\":\"https:\/\/arrepiadovelho.pt\/pt\/vinhos\/\"},{\"@type\":\"ListItem\",\"position\":3,\"name\":\"Colheitas\"}]},{\"@type\":\"WebSite\",\"@id\":\"https:\/\/arrepiadovelho.pt\/pt\/#website\",\"url\":\"https:\/\/arrepiadovelho.pt\/pt\/\",\"name\":\"Herdade do Arrepiado Velho [PT]\",\"description\":\"No Alentejo, encontramos um para\u00edso onde com toda a dedica\u00e7\u00e3o nascem vinhos \u00fanicos.\",\"publisher\":{\"@id\":\"https:\/\/arrepiadovelho.pt\/pt\/#organization\"},\"potentialAction\":[{\"@type\":\"SearchAction\",\"target\":{\"@type\":\"EntryPoint\",\"urlTemplate\":\"https:\/\/arrepiadovelho.pt\/pt\/?s={search_term_string}\"},\"query-input\":\"required name=search_term_string\"}],\"inLanguage\":\"pt-PT\"},{\"@type\":\"Organization\",\"@id\":\"https:\/\/arrepiadovelho.pt\/pt\/#organization\",\"name\":\"Herdade do Arrepiado Velho [PT]\",\"url\":\"https:\/\/arrepiadovelho.pt\/pt\/\",\"logo\":{\"@type\":\"ImageObject\",\"inLanguage\":\"pt-PT\",\"@id\":\"https:\/\/arrepiadovelho.pt\/pt\/#\/schema\/logo\/image\/\",\"url\":\"https:\/\/arrepiadovelho.pt\/pt\/wp-content\/uploads\/2019\/06\/logo_sticky.jpg\",\"contentUrl\":\"https:\/\/arrepiadovelho.pt\/pt\/wp-content\/uploads\/2019\/06\/logo_sticky.jpg\",\"width\":350,\"height\":350,\"caption\":\"Herdade do Arrepiado Velho [PT]\"},\"image\":{\"@id\":\"https:\/\/arrepiadovelho.pt\/pt\/#\/schema\/logo\/image\/\"},\"sameAs\":[\"https:\/\/www.facebook.com\/arrepiadovelho\/\"]}]}<\/script>\n<!-- \/ Yoast SEO plugin. -->","yoast_head_json":{"title":"Colheitas - Herdade do Arrepiado Velho","robots":{"index":"index","follow":"follow","max-snippet":"max-snippet:-1","max-image-preview":"max-image-preview:large","max-video-preview":"max-video-preview:-1"},"canonical":"https:\/\/arrepiadovelho.pt\/pt\/vinhos\/colheitas\/","og_locale":"pt_PT","og_type":"article","og_title":"Colheitas - Herdade do Arrepiado Velho","og_url":"https:\/\/arrepiadovelho.pt\/pt\/vinhos\/colheitas\/","og_site_name":"Herdade do Arrepiado Velho","article_publisher":"https:\/\/www.facebook.com\/arrepiadovelho\/","article_modified_time":"2019-06-24T10:46:13+00:00","og_image":[{"width":2400,"height":888,"url":"https:\/\/arrepiadovelho.pt\/pt\/wp-content\/uploads\/2019\/06\/fb.jpg","type":"image\/jpeg"}],"twitter_card":"summary_large_image","schema":{"@context":"https:\/\/schema.org","@graph":[{"@type":"WebPage","@id":"https:\/\/arrepiadovelho.pt\/pt\/vinhos\/colheitas\/","url":"https:\/\/arrepiadovelho.pt\/pt\/vinhos\/colheitas\/","name":"Colheitas - Herdade do Arrepiado Velho","isPartOf":{"@id":"https:\/\/arrepiadovelho.pt\/pt\/#website"},"datePublished":"2019-06-21T14:19:02+00:00","dateModified":"2019-06-24T10:46:13+00:00","breadcrumb":{"@id":"https:\/\/arrepiadovelho.pt\/pt\/vinhos\/colheitas\/#breadcrumb"},"inLanguage":"pt-PT","potentialAction":[{"@type":"ReadAction","target":["https:\/\/arrepiadovelho.pt\/pt\/vinhos\/colheitas\/"]}]},{"@type":"BreadcrumbList","@id":"https:\/\/arrepiadovelho.pt\/pt\/vinhos\/colheitas\/#breadcrumb","itemListElement":[{"@type":"ListItem","position":1,"name":"In\u00edcio","item":"https:\/\/arrepiadovelho.pt\/pt\/"},{"@type":"ListItem","position":2,"name":"Vinhos","item":"https:\/\/arrepiadovelho.pt\/pt\/vinhos\/"},{"@type":"ListItem","position":3,"name":"Colheitas"}]},{"@type":"WebSite","@id":"https:\/\/arrepiadovelho.pt\/pt\/#website","url":"https:\/\/arrepiadovelho.pt\/pt\/","name":"Herdade do Arrepiado Velho [PT]","description":"No Alentejo, encontramos um para\u00edso onde com toda a dedica\u00e7\u00e3o nascem vinhos \u00fanicos.","publisher":{"@id":"https:\/\/arrepiadovelho.pt\/pt\/#organization"},"potentialAction":[{"@type":"SearchAction","target":{"@type":"EntryPoint","urlTemplate":"https:\/\/arrepiadovelho.pt\/pt\/?s={search_term_string}"},"query-input":"required name=search_term_string"}],"inLanguage":"pt-PT"},{"@type":"Organization","@id":"https:\/\/arrepiadovelho.pt\/pt\/#organization","name":"Herdade do Arrepiado Velho [PT]","url":"https:\/\/arrepiadovelho.pt\/pt\/","logo":{"@type":"ImageObject","inLanguage":"pt-PT","@id":"https:\/\/arrepiadovelho.pt\/pt\/#\/schema\/logo\/image\/","url":"https:\/\/arrepiadovelho.pt\/pt\/wp-content\/uploads\/2019\/06\/logo_sticky.jpg","contentUrl":"https:\/\/arrepiadovelho.pt\/pt\/wp-content\/uploads\/2019\/06\/logo_sticky.jpg","width":350,"height":350,"caption":"Herdade do Arrepiado Velho [PT]"},"image":{"@id":"https:\/\/arrepiadovelho.pt\/pt\/#\/schema\/logo\/image\/"},"sameAs":["https:\/\/www.facebook.com\/arrepiadovelho\/"]}]}},"_links":{"self":[{"href":"https:\/\/arrepiadovelho.pt\/pt\/wp-json\/wp\/v2\/pages\/330"}],"collection":[{"href":"https:\/\/arrepiadovelho.pt\/pt\/wp-json\/wp\/v2\/pages"}],"about":[{"href":"https:\/\/arrepiadovelho.pt\/pt\/wp-json\/wp\/v2\/types\/page"}],"author":[{"embeddable":true,"href":"https:\/\/arrepiadovelho.pt\/pt\/wp-json\/wp\/v2\/users\/1"}],"replies":[{"embeddable":true,"href":"https:\/\/arrepiadovelho.pt\/pt\/wp-json\/wp\/v2\/comments?post=330"}],"version-history":[{"count":3,"href":"https:\/\/arrepiadovelho.pt\/pt\/wp-json\/wp\/v2\/pages\/330\/revisions"}],"predecessor-version":[{"id":406,"href":"https:\/\/arrepiadovelho.pt\/pt\/wp-json\/wp\/v2\/pages\/330\/revisions\/406"}],"up":[{"embeddable":true,"href":"https:\/\/arrepiadovelho.pt\/pt\/wp-json\/wp\/v2\/pages\/14"}],"wp:attachment":[{"href":"https:\/\/arrepiadovelho.pt\/pt\/wp-json\/wp\/v2\/media?parent=330"}],"curies":[{"name":"wp","href":"https:\/\/api.w.org\/{rel}","templated":true}]}}