{"id":3,"date":"2019-04-07T20:12:04","date_gmt":"2019-04-07T20:12:04","guid":{"rendered":"https:\/\/arrepiadovelho.pt\/pt\/?page_id=3"},"modified":"2024-01-02T13:18:55","modified_gmt":"2024-01-02T13:18:55","slug":"politica-de-privacidade","status":"publish","type":"page","link":"https:\/\/arrepiadovelho.pt\/pt\/politica-de-privacidade\/","title":{"rendered":"Pol\u00edtica de Privacidade"},"content":{"rendered":"\r\n<p>A navega\u00e7\u00e3o no nosso site e o registo como Utilizador\/Cliente na Loja Online pressup\u00f5em a compreens\u00e3o e a aceita\u00e7\u00e3o da presente Pol\u00edtica de Privacidade e Prote\u00e7\u00e3o de Dados.<\/p>\r\n<p>Arrepiado Velho possui mecanismos de prote\u00e7\u00e3o de dados que zelam pela privacidade dos dados pessoais dos seus clientes e visitantes, garantindo a verifica\u00e7\u00e3o da legitimidade de utiliza\u00e7\u00e3o dos dados pessoais tratados, bem como a garantia do cumprimento dos direitos reconhecidos aos titulares dos mesmos.<\/p>\r\n<p>A Arrepiado Wine &amp; Tourism Lda, empresa propriet\u00e1ria da marca registada Arrepiado Velho, com sede no Monte da Herdade do Arrepiado Velho, 7470 &#8211; 182 Sousel (Portugal) NIPC 510759823, \u00e9 a entidade respons\u00e1vel pelo tratamento dos dados, em conformidade com o disposto na legisla\u00e7\u00e3o nacional vigente nesta mat\u00e9ria e no Regulamento Geral sobre a Prote\u00e7\u00e3o de Dados \u2013 Regulamento UE n.\u00ba 2016\/679 do Parlamento Europeu e do Conselho, de 27 de Abril de 2016.<\/p>\r\n<p>Nesta Pol\u00edtica de Privacidade est\u00e1 dispon\u00edvel toda a informa\u00e7\u00e3o relativa ao tratamento dos dados pessoais, bem como informa\u00e7\u00e3o relativa aos direitos dos titulares dos dados e \u00e0s nossas medidas de seguran\u00e7a de navega\u00e7\u00e3o em www.arrepiadovelho.pt.<\/p>\r\n<p>Para qualquer esclarecimento sobre o tratamento dos dados pessoais guardados, contacta-nos atrav\u00e9s do e-mail aantunes@arrepiadovelho.com<\/p>\r\n<p><b>QUE INFORMA\u00c7\u00d5ES E DADOS RECOLHEMOS?<\/b><\/p>\r\n<p><b>Dados pessoais: <\/b>para o processamento de encomendas e para cumprirmos com as legisla\u00e7\u00f5es e regulamentos aplic\u00e1veis aos nossos servi\u00e7os.<\/p>\r\n<p><b>Hist\u00f3rico de cliente: <\/b>para o fornecimento de informa\u00e7\u00e3o personalizada sobre os nossos produtos e servi\u00e7os, campanhas promocionais ou publicit\u00e1rias, ofertas comerciais e outros fins estritamente inerentes ao Arrepiado velho.<\/p>\r\n<p><b>Cookies:<\/b> para uma experi\u00eancia de navega\u00e7\u00e3o otimizada. Os cookies ajudam-nos a reconhecer as prefer\u00eancias de cada utilizador, permitindo-nos uma melhor intera\u00e7\u00e3o. A informa\u00e7\u00e3o recolhida nos cookies tamb\u00e9m nos permite melhorar o nosso site fornecendo informa\u00e7\u00f5es sobre o n\u00famero e regularidade das visitas, a adapta\u00e7\u00e3o do site aos interesses individuais do utilizador, a velocidade das pesquisas, etc. A gest\u00e3o das permiss\u00f5es na utiliza\u00e7\u00e3o de cookies pode ser configurada a qualquer momento nas defini\u00e7\u00f5es do browser.<\/p>\r\n<p><b>QUAIS OS DIREITOS DOS TITULARES DE DADOS?<\/b><\/p>\r\n<p><b>Direito \u00e0 informa\u00e7\u00e3o e de acesso aos dados pessoais: <\/b>em qualquer momento, o cliente pode requerer informa\u00e7\u00e3o acerca dos dados pessoais armazenados, quer no que se refere \u00e0 categoria dos dados pessoais em causa, \u00e0 origem e ao(s) destinat\u00e1rio(s) dos mesmos, \u00e0 dura\u00e7\u00e3o do prazo de conserva\u00e7\u00e3o e das finalidades subjacentes, quer no que diz respeito \u00e0 identifica\u00e7\u00e3o do respons\u00e1vel pelo tratamento dos dados, do encarregado de prote\u00e7\u00e3o de dados e dos respetivos contactos.<\/p>\r\n<p><b>Direito de Retifica\u00e7\u00e3o e Elimina\u00e7\u00e3o dos Dados Pessoais: <\/b>se pretender exercer o seu direito \u00e0 retifica\u00e7\u00e3o de dados, dever\u00e1 enviar o respetivo pedido, identificando os dados a modificar atrav\u00e9s de e-mail enviado para aantunes@arrepiadovelho.com. O mesmo procedimento dever\u00e1 ser seguido caso o cliente pretenda exercer o seu direito \u00e0 elimina\u00e7\u00e3o dos dados pessoais.<\/p>\r\n<p><b>Direito de Oposi\u00e7\u00e3o e a retirar Consentimento Pr\u00e9vio: <\/b>em refor\u00e7o do princ\u00edpio da transpar\u00eancia no tratamento dos dados pessoais e das comunica\u00e7\u00f5es com o cliente, a qualquer momento, podem ser modificadas as permiss\u00f5es de tratamento de dados concedidas.<\/p>\r\n<p><b>COMO PROTEGEMOS OS DADOS?<\/b><\/p>\r\n<p>O Arrepiado Velho adota medidas de seguran\u00e7a para proteger todos os dados recolhidos, nomeadamente atrav\u00e9s de ferramentas de encripta\u00e7\u00e3o e autentica\u00e7\u00e3o de dados, bem como atrav\u00e9s da revis\u00e3o frequente das nossas pr\u00e1ticas de recolha, armazenamento e processamento de dados com o objetivo de proteger o acesso n\u00e3o autorizado aos nossos sistemas.<\/p>\r\n<p>O Arrepiado Velho ir\u00e1 atualizar a Pol\u00edtica de Privacidade sempre que tal seja necess\u00e1rio para refletir o feedback dos titulares dos dados, as altera\u00e7\u00f5es aos servi\u00e7os, bem como para cumprir com todos os requisitos legais exig\u00edveis.<\/p>\r\n<p>Caso tais altera\u00e7\u00f5es impliquem uma modifica\u00e7\u00e3o significativa da presente Pol\u00edtica de Privacidade, cada titular dos dados ser\u00e1 devidamente notificado, sendo solicitado o seu consentimento sempre que necess\u00e1rio.<\/p>\r\n","protected":false},"excerpt":{"rendered":"<p>A navega\u00e7\u00e3o no nosso site e o registo como Utilizador\/Cliente na Loja Online pressup\u00f5em a compreens\u00e3o e a aceita\u00e7\u00e3o da presente Pol\u00edtica de Privacidade e Prote\u00e7\u00e3o de Dados. Arrepiado Velho possui mecanismos de prote\u00e7\u00e3o de dados que zelam pela privacidade dos dados pessoais dos seus clientes e visitantes, garantindo a verifica\u00e7\u00e3o da legitimidade de utiliza\u00e7\u00e3o [&#8230;]\n","protected":false},"author":1,"featured_media":0,"parent":0,"menu_order":0,"comment_status":"closed","ping_status":"closed","template":"page-blank-title-center.php","meta":{"footnotes":""},"yoast_head":"<!-- This site is optimized with the Yoast SEO plugin v21.7 - https:\/\/yoast.com\/wordpress\/plugins\/seo\/ -->\n<title>Pol\u00edtica de Privacidade - Herdade do Arrepiado Velho<\/title>\n<meta name=\"robots\" content=\"index, follow, max-snippet:-1, max-image-preview:large, max-video-preview:-1\" \/>\n<link rel=\"canonical\" href=\"https:\/\/arrepiadovelho.pt\/pt\/politica-de-privacidade\/\" \/>\n<meta property=\"og:locale\" content=\"pt_PT\" \/>\n<meta property=\"og:type\" content=\"article\" \/>\n<meta property=\"og:title\" content=\"Pol\u00edtica de Privacidade - Herdade do Arrepiado Velho\" \/>\n<meta property=\"og:description\" content=\"A navega\u00e7\u00e3o no nosso site e o registo como Utilizador\/Cliente na Loja Online pressup\u00f5em a compreens\u00e3o e a aceita\u00e7\u00e3o da presente Pol\u00edtica de Privacidade e Prote\u00e7\u00e3o de Dados. Arrepiado Velho possui mecanismos de prote\u00e7\u00e3o de dados que zelam pela privacidade dos dados pessoais dos seus clientes e visitantes, garantindo a verifica\u00e7\u00e3o da legitimidade de utiliza\u00e7\u00e3o [...]\" \/>\n<meta property=\"og:url\" content=\"https:\/\/arrepiadovelho.pt\/pt\/politica-de-privacidade\/\" \/>\n<meta property=\"og:site_name\" content=\"Herdade do Arrepiado Velho\" \/>\n<meta property=\"article:publisher\" content=\"https:\/\/www.facebook.com\/arrepiadovelho\/\" \/>\n<meta property=\"article:modified_time\" content=\"2024-01-02T13:18:55+00:00\" \/>\n<meta property=\"og:image\" content=\"https:\/\/arrepiadovelho.pt\/pt\/wp-content\/uploads\/2019\/06\/fb.jpg\" \/>\n\t<meta property=\"og:image:width\" content=\"2400\" \/>\n\t<meta property=\"og:image:height\" content=\"888\" \/>\n\t<meta property=\"og:image:type\" content=\"image\/jpeg\" \/>\n<meta name=\"twitter:card\" content=\"summary_large_image\" \/>\n<meta name=\"twitter:label1\" content=\"Tempo estimado de leitura\" \/>\n\t<meta name=\"twitter:data1\" content=\"4 minutos\" \/>\n<script type=\"application\/ld+json\" class=\"yoast-schema-graph\">{\"@context\":\"https:\/\/schema.org\",\"@graph\":[{\"@type\":\"WebPage\",\"@id\":\"https:\/\/arrepiadovelho.pt\/pt\/politica-de-privacidade\/\",\"url\":\"https:\/\/arrepiadovelho.pt\/pt\/politica-de-privacidade\/\",\"name\":\"Pol\u00edtica de Privacidade - Herdade do Arrepiado Velho\",\"isPartOf\":{\"@id\":\"https:\/\/arrepiadovelho.pt\/pt\/#website\"},\"datePublished\":\"2019-04-07T20:12:04+00:00\",\"dateModified\":\"2024-01-02T13:18:55+00:00\",\"breadcrumb\":{\"@id\":\"https:\/\/arrepiadovelho.pt\/pt\/politica-de-privacidade\/#breadcrumb\"},\"inLanguage\":\"pt-PT\",\"potentialAction\":[{\"@type\":\"ReadAction\",\"target\":[\"https:\/\/arrepiadovelho.pt\/pt\/politica-de-privacidade\/\"]}]},{\"@type\":\"BreadcrumbList\",\"@id\":\"https:\/\/arrepiadovelho.pt\/pt\/politica-de-privacidade\/#breadcrumb\",\"itemListElement\":[{\"@type\":\"ListItem\",\"position\":1,\"name\":\"In\u00edcio\",\"item\":\"https:\/\/arrepiadovelho.pt\/pt\/\"},{\"@type\":\"ListItem\",\"position\":2,\"name\":\"Pol\u00edtica de Privacidade\"}]},{\"@type\":\"WebSite\",\"@id\":\"https:\/\/arrepiadovelho.pt\/pt\/#website\",\"url\":\"https:\/\/arrepiadovelho.pt\/pt\/\",\"name\":\"Herdade do Arrepiado Velho [PT]\",\"description\":\"No Alentejo, encontramos um para\u00edso onde com toda a dedica\u00e7\u00e3o nascem vinhos \u00fanicos.\",\"publisher\":{\"@id\":\"https:\/\/arrepiadovelho.pt\/pt\/#organization\"},\"potentialAction\":[{\"@type\":\"SearchAction\",\"target\":{\"@type\":\"EntryPoint\",\"urlTemplate\":\"https:\/\/arrepiadovelho.pt\/pt\/?s={search_term_string}\"},\"query-input\":\"required name=search_term_string\"}],\"inLanguage\":\"pt-PT\"},{\"@type\":\"Organization\",\"@id\":\"https:\/\/arrepiadovelho.pt\/pt\/#organization\",\"name\":\"Herdade do Arrepiado Velho [PT]\",\"url\":\"https:\/\/arrepiadovelho.pt\/pt\/\",\"logo\":{\"@type\":\"ImageObject\",\"inLanguage\":\"pt-PT\",\"@id\":\"https:\/\/arrepiadovelho.pt\/pt\/#\/schema\/logo\/image\/\",\"url\":\"https:\/\/arrepiadovelho.pt\/pt\/wp-content\/uploads\/2019\/06\/logo_sticky.jpg\",\"contentUrl\":\"https:\/\/arrepiadovelho.pt\/pt\/wp-content\/uploads\/2019\/06\/logo_sticky.jpg\",\"width\":350,\"height\":350,\"caption\":\"Herdade do Arrepiado Velho [PT]\"},\"image\":{\"@id\":\"https:\/\/arrepiadovelho.pt\/pt\/#\/schema\/logo\/image\/\"},\"sameAs\":[\"https:\/\/www.facebook.com\/arrepiadovelho\/\"]}]}<\/script>\n<!-- \/ Yoast SEO plugin. -->","yoast_head_json":{"title":"Pol\u00edtica de Privacidade - Herdade do Arrepiado Velho","robots":{"index":"index","follow":"follow","max-snippet":"max-snippet:-1","max-image-preview":"max-image-preview:large","max-video-preview":"max-video-preview:-1"},"canonical":"https:\/\/arrepiadovelho.pt\/pt\/politica-de-privacidade\/","og_locale":"pt_PT","og_type":"article","og_title":"Pol\u00edtica de Privacidade - Herdade do Arrepiado Velho","og_description":"A navega\u00e7\u00e3o no nosso site e o registo como Utilizador\/Cliente na Loja Online pressup\u00f5em a compreens\u00e3o e a aceita\u00e7\u00e3o da presente Pol\u00edtica de Privacidade e Prote\u00e7\u00e3o de Dados. Arrepiado Velho possui mecanismos de prote\u00e7\u00e3o de dados que zelam pela privacidade dos dados pessoais dos seus clientes e visitantes, garantindo a verifica\u00e7\u00e3o da legitimidade de utiliza\u00e7\u00e3o [...]","og_url":"https:\/\/arrepiadovelho.pt\/pt\/politica-de-privacidade\/","og_site_name":"Herdade do Arrepiado Velho","article_publisher":"https:\/\/www.facebook.com\/arrepiadovelho\/","article_modified_time":"2024-01-02T13:18:55+00:00","og_image":[{"width":2400,"height":888,"url":"https:\/\/arrepiadovelho.pt\/pt\/wp-content\/uploads\/2019\/06\/fb.jpg","type":"image\/jpeg"}],"twitter_card":"summary_large_image","twitter_misc":{"Tempo estimado de leitura":"4 minutos"},"schema":{"@context":"https:\/\/schema.org","@graph":[{"@type":"WebPage","@id":"https:\/\/arrepiadovelho.pt\/pt\/politica-de-privacidade\/","url":"https:\/\/arrepiadovelho.pt\/pt\/politica-de-privacidade\/","name":"Pol\u00edtica de Privacidade - Herdade do Arrepiado Velho","isPartOf":{"@id":"https:\/\/arrepiadovelho.pt\/pt\/#website"},"datePublished":"2019-04-07T20:12:04+00:00","dateModified":"2024-01-02T13:18:55+00:00","breadcrumb":{"@id":"https:\/\/arrepiadovelho.pt\/pt\/politica-de-privacidade\/#breadcrumb"},"inLanguage":"pt-PT","potentialAction":[{"@type":"ReadAction","target":["https:\/\/arrepiadovelho.pt\/pt\/politica-de-privacidade\/"]}]},{"@type":"BreadcrumbList","@id":"https:\/\/arrepiadovelho.pt\/pt\/politica-de-privacidade\/#breadcrumb","itemListElement":[{"@type":"ListItem","position":1,"name":"In\u00edcio","item":"https:\/\/arrepiadovelho.pt\/pt\/"},{"@type":"ListItem","position":2,"name":"Pol\u00edtica de Privacidade"}]},{"@type":"WebSite","@id":"https:\/\/arrepiadovelho.pt\/pt\/#website","url":"https:\/\/arrepiadovelho.pt\/pt\/","name":"Herdade do Arrepiado Velho [PT]","description":"No Alentejo, encontramos um para\u00edso onde com toda a dedica\u00e7\u00e3o nascem vinhos \u00fanicos.","publisher":{"@id":"https:\/\/arrepiadovelho.pt\/pt\/#organization"},"potentialAction":[{"@type":"SearchAction","target":{"@type":"EntryPoint","urlTemplate":"https:\/\/arrepiadovelho.pt\/pt\/?s={search_term_string}"},"query-input":"required name=search_term_string"}],"inLanguage":"pt-PT"},{"@type":"Organization","@id":"https:\/\/arrepiadovelho.pt\/pt\/#organization","name":"Herdade do Arrepiado Velho [PT]","url":"https:\/\/arrepiadovelho.pt\/pt\/","logo":{"@type":"ImageObject","inLanguage":"pt-PT","@id":"https:\/\/arrepiadovelho.pt\/pt\/#\/schema\/logo\/image\/","url":"https:\/\/arrepiadovelho.pt\/pt\/wp-content\/uploads\/2019\/06\/logo_sticky.jpg","contentUrl":"https:\/\/arrepiadovelho.pt\/pt\/wp-content\/uploads\/2019\/06\/logo_sticky.jpg","width":350,"height":350,"caption":"Herdade do Arrepiado Velho [PT]"},"image":{"@id":"https:\/\/arrepiadovelho.pt\/pt\/#\/schema\/logo\/image\/"},"sameAs":["https:\/\/www.facebook.com\/arrepiadovelho\/"]}]}},"_links":{"self":[{"href":"https:\/\/arrepiadovelho.pt\/pt\/wp-json\/wp\/v2\/pages\/3"}],"collection":[{"href":"https:\/\/arrepiadovelho.pt\/pt\/wp-json\/wp\/v2\/pages"}],"about":[{"href":"https:\/\/arrepiadovelho.pt\/pt\/wp-json\/wp\/v2\/types\/page"}],"author":[{"embeddable":true,"href":"https:\/\/arrepiadovelho.pt\/pt\/wp-json\/wp\/v2\/users\/1"}],"replies":[{"embeddable":true,"href":"https:\/\/arrepiadovelho.pt\/pt\/wp-json\/wp\/v2\/comments?post=3"}],"version-history":[{"count":2,"href":"https:\/\/arrepiadovelho.pt\/pt\/wp-json\/wp\/v2\/pages\/3\/revisions"}],"predecessor-version":[{"id":455,"href":"https:\/\/arrepiadovelho.pt\/pt\/wp-json\/wp\/v2\/pages\/3\/revisions\/455"}],"wp:attachment":[{"href":"https:\/\/arrepiadovelho.pt\/pt\/wp-json\/wp\/v2\/media?parent=3"}],"curies":[{"name":"wp","href":"https:\/\/api.w.org\/{rel}","templated":true}]}}