{"id":275,"date":"2019-06-17T15:43:58","date_gmt":"2019-06-17T14:43:58","guid":{"rendered":"https:\/\/arrepiadovelho.pt\/en\/?page_id=275"},"modified":"2019-06-21T16:55:57","modified_gmt":"2019-06-21T15:55:57","slug":"enoturism","status":"publish","type":"page","link":"https:\/\/arrepiadovelho.pt\/en\/enoturism\/","title":{"rendered":"Enoturism"},"content":{"rendered":"  <div class=\"banner-grid-wrapper\">\n  <div id=\"banner-grid-1832154125\" class=\"banner-grid row row-grid row-xsmall row-full-width\" data-packery-options=\"\">\n                      \n<div class=\"col grid-col large-6 grid-col-2-3\" ><div class=\"col-inner\">\n\t<div class=\"img has-hover x md-x lg-x y md-y lg-y\" id=\"image_2141487150\">\n\t\t\t\t\t\t\t\t<div class=\"img-inner dark\" >\n\t\t\t<img loading=\"lazy\" decoding=\"async\" width=\"1984\" height=\"1320\" src=\"https:\/\/arrepiadovelho.pt\/en\/wp-content\/uploads\/2019\/06\/foto10.jpg\" class=\"attachment-original size-original\" alt=\"\" srcset=\"https:\/\/arrepiadovelho.pt\/en\/wp-content\/uploads\/2019\/06\/foto10.jpg 1984w, https:\/\/arrepiadovelho.pt\/en\/wp-content\/uploads\/2019\/06\/foto10-800x532.jpg 800w, https:\/\/arrepiadovelho.pt\/en\/wp-content\/uploads\/2019\/06\/foto10-1000x665.jpg 1000w, https:\/\/arrepiadovelho.pt\/en\/wp-content\/uploads\/2019\/06\/foto10-768x511.jpg 768w\" sizes=\"(max-width: 1984px) 100vw, 1984px\" \/>\t\t\t\t\t\t\n\t\t\t\t\t<\/div>\n\t\t\t\t\t\t\t\t\n<style>\n#image_2141487150 {\n  width: 100%;\n}\n<\/style>\n\t<\/div>\n\t\n<\/div><\/div>\n<div class=\"col grid-col large-6 grid-col-1-2\" ><div class=\"col-inner\">\n\t<div class=\"img has-hover x md-x lg-x y md-y lg-y\" id=\"image_571303993\">\n\t\t\t\t\t\t\t\t<div class=\"img-inner dark\" >\n\t\t\t<img loading=\"lazy\" decoding=\"async\" width=\"2190\" height=\"1460\" src=\"https:\/\/arrepiadovelho.pt\/en\/wp-content\/uploads\/2019\/06\/foto11.jpg\" class=\"attachment-original size-original\" alt=\"\" srcset=\"https:\/\/arrepiadovelho.pt\/en\/wp-content\/uploads\/2019\/06\/foto11.jpg 2190w, https:\/\/arrepiadovelho.pt\/en\/wp-content\/uploads\/2019\/06\/foto11-800x533.jpg 800w, https:\/\/arrepiadovelho.pt\/en\/wp-content\/uploads\/2019\/06\/foto11-1000x667.jpg 1000w, https:\/\/arrepiadovelho.pt\/en\/wp-content\/uploads\/2019\/06\/foto11-768x512.jpg 768w\" sizes=\"(max-width: 2190px) 100vw, 2190px\" \/>\t\t\t\t\t\t\n\t\t\t\t\t<\/div>\n\t\t\t\t\t\t\t\t\n<style>\n#image_571303993 {\n  width: 100%;\n}\n<\/style>\n\t<\/div>\n\t\n<\/div><\/div>\n<div class=\"col grid-col large-3 grid-col-1-2\" ><div class=\"col-inner\">\n\t<div class=\"img has-hover x md-x lg-x y md-y lg-y\" id=\"image_853412129\">\n\t\t\t\t\t\t\t\t<div class=\"img-inner dark\" >\n\t\t\t<img loading=\"lazy\" decoding=\"async\" width=\"1978\" height=\"1314\" src=\"https:\/\/arrepiadovelho.pt\/en\/wp-content\/uploads\/2019\/06\/foto12.jpg\" class=\"attachment-original size-original\" alt=\"\" srcset=\"https:\/\/arrepiadovelho.pt\/en\/wp-content\/uploads\/2019\/06\/foto12.jpg 1978w, https:\/\/arrepiadovelho.pt\/en\/wp-content\/uploads\/2019\/06\/foto12-800x531.jpg 800w, https:\/\/arrepiadovelho.pt\/en\/wp-content\/uploads\/2019\/06\/foto12-1000x664.jpg 1000w, https:\/\/arrepiadovelho.pt\/en\/wp-content\/uploads\/2019\/06\/foto12-768x510.jpg 768w\" sizes=\"(max-width: 1978px) 100vw, 1978px\" \/>\t\t\t\t\t\t\n\t\t\t\t\t<\/div>\n\t\t\t\t\t\t\t\t\n<style>\n#image_853412129 {\n  width: 100%;\n}\n<\/style>\n\t<\/div>\n\t\n<\/div><\/div>\n<div class=\"col grid-col large-3 grid-col-1-2\" ><div class=\"col-inner\">\n\t<div class=\"img has-hover x md-x lg-x y md-y lg-y\" id=\"image_1251758913\">\n\t\t\t\t\t\t\t\t<div class=\"img-inner dark\" >\n\t\t\t<img loading=\"lazy\" decoding=\"async\" width=\"1200\" height=\"797\" src=\"https:\/\/arrepiadovelho.pt\/en\/wp-content\/uploads\/2019\/06\/foto2.jpg\" class=\"attachment-original size-original\" alt=\"\" srcset=\"https:\/\/arrepiadovelho.pt\/en\/wp-content\/uploads\/2019\/06\/foto2.jpg 1200w, https:\/\/arrepiadovelho.pt\/en\/wp-content\/uploads\/2019\/06\/foto2-800x531.jpg 800w, https:\/\/arrepiadovelho.pt\/en\/wp-content\/uploads\/2019\/06\/foto2-1000x664.jpg 1000w, https:\/\/arrepiadovelho.pt\/en\/wp-content\/uploads\/2019\/06\/foto2-768x510.jpg 768w\" sizes=\"(max-width: 1200px) 100vw, 1200px\" \/>\t\t\t\t\t\t\n\t\t\t\t\t<\/div>\n\t\t\t\t\t\t\t\t\n<style>\n#image_1251758913 {\n  width: 100%;\n}\n<\/style>\n\t<\/div>\n\t\n<\/div><\/div>\n<div class=\"col grid-col large-6 grid-col-1-3\" ><div class=\"col-inner\">\n\t<div class=\"img has-hover x md-x lg-x y md-y lg-y\" id=\"image_1072033350\">\n\t\t\t\t\t\t\t\t<div class=\"img-inner dark\" >\n\t\t\t<img loading=\"lazy\" decoding=\"async\" width=\"1400\" height=\"600\" src=\"https:\/\/arrepiadovelho.pt\/en\/wp-content\/uploads\/2019\/06\/foto7.jpg\" class=\"attachment-original size-original\" alt=\"\" srcset=\"https:\/\/arrepiadovelho.pt\/en\/wp-content\/uploads\/2019\/06\/foto7.jpg 1400w, https:\/\/arrepiadovelho.pt\/en\/wp-content\/uploads\/2019\/06\/foto7-800x343.jpg 800w, https:\/\/arrepiadovelho.pt\/en\/wp-content\/uploads\/2019\/06\/foto7-1000x429.jpg 1000w, https:\/\/arrepiadovelho.pt\/en\/wp-content\/uploads\/2019\/06\/foto7-768x329.jpg 768w\" sizes=\"(max-width: 1400px) 100vw, 1400px\" \/>\t\t\t\t\t\t\n\t\t\t\t\t<\/div>\n\t\t\t\t\t\t\t\t\n<style>\n#image_1072033350 {\n  width: 100%;\n}\n<\/style>\n\t<\/div>\n\t\n<\/div><\/div>\n            <\/div>\n    <style>\n    #banner-grid-1832154125 .grid-col-1{height: 450px}\n    #banner-grid-1832154125 .grid-col-1-2{height: 225px}\n    #banner-grid-1832154125 .grid-col-1-3{height:150px}\n    #banner-grid-1832154125 .grid-col-2-3{height: 300px}\n    #banner-grid-1832154125 .grid-col-1-4{height: 112.5px}\n    #banner-grid-1832154125 .grid-col-3-4{height: 337.5px}\n\n\n    \n    \n\n  <\/style>\n    <\/div>\n  \n<div class=\"row\"  id=\"row-1169732683\">\n\n\t<div id=\"col-683533921\" class=\"col medium-10 small-12 large-10\"  >\n\t\t\t\t<div class=\"col-inner\"  >\n\t\t\t\n\t\t\t\n<h2 class=\"uppercase\"><span style=\"font-size: 140%;\"><em><strong>Arrepiado Enotourism Country House <\/strong><\/em><\/span><\/h2>\n<p><\/p>\n<p>Entre barragem e vinhas,numa paisagem tranquila de cortar a respira\u00e7\u00e3o, a Herdade do Arrepiado Velho proporciona uma estadia \u00fanica, num local de rara beleza e arquitectura tradicional Alentejana.Prove os nossos vinhos, visite a adega e muito mais&#8230;<\/p>\n<p><strong>O espa\u00e7o<\/strong><br \/>Paisagem Alentejana \u00danica, lugar muito calmo sem vizinhan\u00e7a. Casa de Arquitectura e decora\u00e7\u00e3o tradicional alentejana, muito confort\u00e1vel e acolhedora.<\/p>\n<p><strong>Acesso dos h\u00f3spedes<\/strong><br \/>Acesso a todos os espa\u00e7os interiores e exteriores, acessoa \u00e1 adega, piscina e sala de estar com internet e tv.<\/p>\n<p><strong>Intera\u00e7\u00e3o com os h\u00f3spedes<\/strong><br \/>Estamos dispon\u00edveis para tornar a sua estadia \u00fanica, com possibilidade de conv\u00edvio e refei\u00e7\u00f5es com os anfitri\u00f5es<\/p>\n<p><strong>Outras observa\u00e7\u00f5es<\/strong><br \/>Temos c\u00e3es lavradores \u00e1 solta. S\u00e3o muito af\u00e1veis mas qualquer impedimento podem referir<\/p>\n\t<div id=\"gap-273524332\" class=\"gap-element clearfix\" style=\"display:block; height:auto;\">\n\t\t\n<style>\n#gap-273524332 {\n  padding-top: 30px;\n}\n<\/style>\n\t<\/div>\n\t\n<a rel=\"noopener noreferrer\" href=\"https:\/\/www.airbnb.pt\/rooms\/6648388?source_impression_id=p3_1560784230_oBinGbVDBHf9XbhD\" target=\"_blank\" class=\"button secondary\"  >\n    <span>Ver disponibilidade no Airbnb<\/span>\n  <\/a>\n\n\t<div id=\"gap-164812089\" class=\"gap-element clearfix\" style=\"display:block; height:auto;\">\n\t\t\n<style>\n#gap-164812089 {\n  padding-top: 30px;\n}\n<\/style>\n\t<\/div>\n\t\n\t\t<\/div>\n\t\t\t\t\t<\/div>\n\n\t\n<\/div>\n","protected":false},"excerpt":{"rendered":"","protected":false},"author":1,"featured_media":0,"parent":0,"menu_order":0,"comment_status":"closed","ping_status":"closed","template":"page-blank.php","meta":{"footnotes":""},"yoast_head":"<!-- This site is optimized with the Yoast SEO plugin v21.7 - https:\/\/yoast.com\/wordpress\/plugins\/seo\/ -->\n<title>Enoturism - Herdade do Arrepiado Velho [EN]<\/title>\n<meta name=\"robots\" content=\"index, follow, max-snippet:-1, max-image-preview:large, max-video-preview:-1\" \/>\n<link rel=\"canonical\" href=\"https:\/\/arrepiadovelho.pt\/en\/enoturism\/\" \/>\n<meta property=\"og:locale\" content=\"en_US\" \/>\n<meta property=\"og:type\" content=\"article\" \/>\n<meta property=\"og:title\" content=\"Enoturism - Herdade do Arrepiado Velho [EN]\" \/>\n<meta property=\"og:url\" content=\"https:\/\/arrepiadovelho.pt\/en\/enoturism\/\" \/>\n<meta property=\"og:site_name\" content=\"Herdade do Arrepiado Velho [EN]\" \/>\n<meta property=\"article:publisher\" content=\"https:\/\/www.facebook.com\/arrepiadovelho\/\" \/>\n<meta property=\"article:modified_time\" content=\"2019-06-21T15:55:57+00:00\" \/>\n<meta property=\"og:image\" content=\"https:\/\/arrepiadovelho.pt\/en\/wp-content\/uploads\/2019\/06\/fb.jpg\" \/>\n\t<meta property=\"og:image:width\" content=\"2400\" \/>\n\t<meta property=\"og:image:height\" content=\"888\" \/>\n\t<meta property=\"og:image:type\" content=\"image\/jpeg\" \/>\n<meta name=\"twitter:card\" content=\"summary_large_image\" \/>\n<meta name=\"twitter:label1\" content=\"Est. reading time\" \/>\n\t<meta name=\"twitter:data1\" content=\"1 minute\" \/>\n<script type=\"application\/ld+json\" class=\"yoast-schema-graph\">{\"@context\":\"https:\/\/schema.org\",\"@graph\":[{\"@type\":\"WebPage\",\"@id\":\"https:\/\/arrepiadovelho.pt\/en\/enoturism\/\",\"url\":\"https:\/\/arrepiadovelho.pt\/en\/enoturism\/\",\"name\":\"Enoturism - Herdade do Arrepiado Velho [EN]\",\"isPartOf\":{\"@id\":\"https:\/\/arrepiadovelho.pt\/en\/#website\"},\"datePublished\":\"2019-06-17T14:43:58+00:00\",\"dateModified\":\"2019-06-21T15:55:57+00:00\",\"breadcrumb\":{\"@id\":\"https:\/\/arrepiadovelho.pt\/en\/enoturism\/#breadcrumb\"},\"inLanguage\":\"en-US\",\"potentialAction\":[{\"@type\":\"ReadAction\",\"target\":[\"https:\/\/arrepiadovelho.pt\/en\/enoturism\/\"]}]},{\"@type\":\"BreadcrumbList\",\"@id\":\"https:\/\/arrepiadovelho.pt\/en\/enoturism\/#breadcrumb\",\"itemListElement\":[{\"@type\":\"ListItem\",\"position\":1,\"name\":\"Home\",\"item\":\"https:\/\/arrepiadovelho.pt\/en\/\"},{\"@type\":\"ListItem\",\"position\":2,\"name\":\"Enoturism\"}]},{\"@type\":\"WebSite\",\"@id\":\"https:\/\/arrepiadovelho.pt\/en\/#website\",\"url\":\"https:\/\/arrepiadovelho.pt\/en\/\",\"name\":\"Herdade do Arrepiado Velho [EN]\",\"description\":\"In Alentejo, we find a private paradise where, with all care, are born unique wines.\",\"potentialAction\":[{\"@type\":\"SearchAction\",\"target\":{\"@type\":\"EntryPoint\",\"urlTemplate\":\"https:\/\/arrepiadovelho.pt\/en\/?s={search_term_string}\"},\"query-input\":\"required name=search_term_string\"}],\"inLanguage\":\"en-US\"}]}<\/script>\n<!-- \/ Yoast SEO plugin. -->","yoast_head_json":{"title":"Enoturism - Herdade do Arrepiado Velho [EN]","robots":{"index":"index","follow":"follow","max-snippet":"max-snippet:-1","max-image-preview":"max-image-preview:large","max-video-preview":"max-video-preview:-1"},"canonical":"https:\/\/arrepiadovelho.pt\/en\/enoturism\/","og_locale":"en_US","og_type":"article","og_title":"Enoturism - Herdade do Arrepiado Velho [EN]","og_url":"https:\/\/arrepiadovelho.pt\/en\/enoturism\/","og_site_name":"Herdade do Arrepiado Velho [EN]","article_publisher":"https:\/\/www.facebook.com\/arrepiadovelho\/","article_modified_time":"2019-06-21T15:55:57+00:00","og_image":[{"width":2400,"height":888,"url":"https:\/\/arrepiadovelho.pt\/en\/wp-content\/uploads\/2019\/06\/fb.jpg","type":"image\/jpeg"}],"twitter_card":"summary_large_image","twitter_misc":{"Est. reading time":"1 minute"},"schema":{"@context":"https:\/\/schema.org","@graph":[{"@type":"WebPage","@id":"https:\/\/arrepiadovelho.pt\/en\/enoturism\/","url":"https:\/\/arrepiadovelho.pt\/en\/enoturism\/","name":"Enoturism - Herdade do Arrepiado Velho [EN]","isPartOf":{"@id":"https:\/\/arrepiadovelho.pt\/en\/#website"},"datePublished":"2019-06-17T14:43:58+00:00","dateModified":"2019-06-21T15:55:57+00:00","breadcrumb":{"@id":"https:\/\/arrepiadovelho.pt\/en\/enoturism\/#breadcrumb"},"inLanguage":"en-US","potentialAction":[{"@type":"ReadAction","target":["https:\/\/arrepiadovelho.pt\/en\/enoturism\/"]}]},{"@type":"BreadcrumbList","@id":"https:\/\/arrepiadovelho.pt\/en\/enoturism\/#breadcrumb","itemListElement":[{"@type":"ListItem","position":1,"name":"Home","item":"https:\/\/arrepiadovelho.pt\/en\/"},{"@type":"ListItem","position":2,"name":"Enoturism"}]},{"@type":"WebSite","@id":"https:\/\/arrepiadovelho.pt\/en\/#website","url":"https:\/\/arrepiadovelho.pt\/en\/","name":"Herdade do Arrepiado Velho [EN]","description":"In Alentejo, we find a private paradise where, with all care, are born unique wines.","potentialAction":[{"@type":"SearchAction","target":{"@type":"EntryPoint","urlTemplate":"https:\/\/arrepiadovelho.pt\/en\/?s={search_term_string}"},"query-input":"required name=search_term_string"}],"inLanguage":"en-US"}]}},"_links":{"self":[{"href":"https:\/\/arrepiadovelho.pt\/en\/wp-json\/wp\/v2\/pages\/275"}],"collection":[{"href":"https:\/\/arrepiadovelho.pt\/en\/wp-json\/wp\/v2\/pages"}],"about":[{"href":"https:\/\/arrepiadovelho.pt\/en\/wp-json\/wp\/v2\/types\/page"}],"author":[{"embeddable":true,"href":"https:\/\/arrepiadovelho.pt\/en\/wp-json\/wp\/v2\/users\/1"}],"replies":[{"embeddable":true,"href":"https:\/\/arrepiadovelho.pt\/en\/wp-json\/wp\/v2\/comments?post=275"}],"version-history":[{"count":25,"href":"https:\/\/arrepiadovelho.pt\/en\/wp-json\/wp\/v2\/pages\/275\/revisions"}],"predecessor-version":[{"id":375,"href":"https:\/\/arrepiadovelho.pt\/en\/wp-json\/wp\/v2\/pages\/275\/revisions\/375"}],"wp:attachment":[{"href":"https:\/\/arrepiadovelho.pt\/en\/wp-json\/wp\/v2\/media?parent=275"}],"curies":[{"name":"wp","href":"https:\/\/api.w.org\/{rel}","templated":true}]}}